{"id":2543,"date":"2021-12-02T13:39:29","date_gmt":"2021-12-02T13:39:29","guid":{"rendered":"https:\/\/www.douglas-marketing-solutions.com\/?page_id=2543"},"modified":"2023-09-18T14:31:04","modified_gmt":"2023-09-18T14:31:04","slug":"newsletter-teilnahmebedingungen","status":"publish","type":"page","link":"https:\/\/www.douglas-marketing-solutions.com\/de\/newsletter-teilnahmebedingungen\/","title":{"rendered":"Teilnahmebedingungen Gewinnspiel"},"content":{"rendered":"<p class=\"has-text-align-left\"><strong>Teilnahmebedingungen \u201eDBT Testkampagne\u201c Gewinnspiel&nbsp;<\/strong><\/p>\n\n\n\n<p class=\"has-text-align-left\">Veranstalter und Verantwortlicher f\u00fcr die Durchf\u00fchrung des Gewinnspiels ist die Beauty Media Solutions GmbH Luise-Rainer-Stra\u00dfe 7-11, 40235 D\u00fcsseldorf.<\/p>\n\n\n\n<h2 class=\"wp-block-heading\">1. Teilnahme<\/h2>\n\n\n\n<p class=\"has-text-align-left\">Teilnahmeschluss ist Donnerstag, der 08.12.2021, um 23:59 Uhr.<\/p>\n\n\n\n<p class=\"has-text-align-left\">Um an dem Gewinnspiel teilzunehmen m\u00fcssen Newsletter-Empf\u00e4nger auf dem Douglas Marketing Solutions LinkedIn Kanal nach der Antwort auf die Frage \u201eWie viel % der Kunden wollen laut Bazaarvoice User Generated Content auf den Websites der Retailer sehen?\u201c suchen. Der LinkedIn Post mit der Antwort wird ein paar Tage vor dem Newsletter-Aussand online gehen. Die Antwort muss per Mail an <a href=\"mailto:v.ahlert@douglas.de\">v.ahlert@douglas.de<\/a> gesendet werden. Die Mail muss zudem die Kontaktdaten (Vorname, Nachname, Firma, Adresse und E-Mail-Adresse) des Teilnehmers beinhalten.<\/p>\n\n\n\n<h2 class=\"wp-block-heading\">2. Teilnahmeberechtigung<\/h2>\n\n\n\n<p class=\"has-text-align-left\">Teilnahmeberechtigt sind Personen, die bei der Teilnahme ihren st\u00e4ndigen Wohnsitz in Deutschland haben und mindestens 18 Jahre alt sind. Mitarbeiter der Douglas Gruppe sowie Angeh\u00f6rige sind von der Teilnahme ausgeschlossen. Teilnehmer m\u00fcssen eine auf Douglas.de (Parf\u00fcmerie Douglas GmbH) gelistete Marke vertreten. Der Gewinn kann nicht f\u00fcr private Zwecke genutzt werden.<\/p>\n\n\n\n<h2 class=\"wp-block-heading\">3. Gewinnaussch\u00fcttung&nbsp;<\/h2>\n\n\n\n<p class=\"has-text-align-left\">Der Gewinner wird nach dem Zufallsprinzip unter allen Teilnehmer\/-innen, welche die Teilnahmebedingungen erf\u00fcllen, ausgew\u00e4hlt. Der Preis ist nicht \u00fcbertragbar und wird nicht in bar ausgezahlt.<\/p>\n\n\n\n<p class=\"has-text-align-left\">Zu gewinnen ist:<\/p>\n\n\n\n<p class=\"has-text-align-left\">Eine Classic Douglas Beauty Tester Testkampagne im Wert von 10.000\u20ac auf https:\/\/www.douglas.de. Die Kampagne umfasst eine Kampagne des Douglas&nbsp;Beauty Tester. Es k\u00f6nnen keine Wunschzeitr\u00e4ume f\u00fcr den Lauf der Kampagne garantiert werden, da vorerst eine Absprache mit Douglas Marketing Solutions stattfinden muss.<\/p>\n\n\n\n<h2 class=\"wp-block-heading\">4. Gewinnbenachrichtigung<\/h2>\n\n\n\n<p class=\"has-text-align-left\">Die Gewinner werden ab dem 14.12.2021, \u00fcber den Gewinn per E-Mail durch die Beauty Media Solutions GmbH benachrichtigt.<\/p>\n\n\n\n<p class=\"has-text-align-left\">Um den Gewinn anzunehmen, muss der Gewinner bis zum 20.12.2021, dem Veranstalter per E-Mail mitteilen, dass er den Gewinn annimmt. Sollte der Gewinner dies nicht tun, so entf\u00e4llt der Anspruch auf Herausgabe des Gewinns. Ein Ersatzgewinner wird nicht ermittelt. Der Gewinner ist f\u00fcr die Richtigkeit ihrer Kontaktdaten selbst verantwortlich. Garantie f\u00fcr die erfolgreiche Zustellung wird nicht \u00fcbernommen. Ein Nachversand bei Nicht-Zustellung ist nicht vorgesehen.&nbsp;<\/p>\n\n\n\n<h2 class=\"wp-block-heading\">5. Ausschluss von Teilnehmern<\/h2>\n\n\n\n<p class=\"has-text-align-left\">Der Veranstalter beh\u00e4lt sich das Recht vor, Teilnehmer, die mehrere E-Mail-Adressen oder dergleichen zur Erh\u00f6hung der Gewinnchancen verwenden, das Gewinnspiel oder den Spielablauf technisch manipulieren oder anderweitig gegen diese Teilnahmebedingungen versto\u00dfen, jederzeit und ohne Vorank\u00fcndigung von der Teilnahme am Gewinnspiel auszuschlie\u00dfen. Im Falle eines Ausschlusses k\u00f6nnen Gewinne und Vorteile auch noch nachtr\u00e4glich aberkannt und zur\u00fcckgefordert werden. Die Teilnahme von Gewinnspielagenturen und sonstiger automatisch generierter Massenzusendungen wird ausdr\u00fccklich ausgeschlossen und bei der Ermittlung der Gewinner nicht ber\u00fccksichtigt.<\/p>\n\n\n\n<h2 class=\"wp-block-heading\">6. St\u00f6rung und Aussetzung des Gewinnspiels&nbsp;<\/h2>\n\n\n\n<p class=\"has-text-align-left\">Der Veranstalter kann f\u00fcr jegliche technische St\u00f6rungen, insbesondere Ausf\u00e4lle des Telefonnetzes, des Netzwerks, der Elektronik oder der Computer nicht verantwortlich gemacht werden. Der Veranstalter beh\u00e4lt sich das Recht vor, das Gewinnspiel ganz oder zeitweise auszusetzen, wenn irgendwelche Schwierigkeiten auftreten, die die Integrit\u00e4t des Gewinnspiels gef\u00e4hrden. Der\/die Teilnehmer\/-in akzeptiert notwendige \u00c4nderungen des Gewinnspiels, die durch andere, au\u00dferhalb des Einflussbereichs der an der Durchf\u00fchrung des Gewinnspiels beteiligten Firmen liegenden Faktoren bedingt sind.<\/p>\n\n\n\n<h2 class=\"wp-block-heading\">7. Datenschutzhinweise&nbsp;<\/h2>\n\n\n\n<p class=\"has-text-align-left\">Im Rahmen dieses Gewinnspiels verarbeiten wir Ihre Daten (Name, Firma, Adresse und E-Mail-Adresse) f\u00fcr die Kontaktaufnahme mit den Gewinnern und f\u00fcr die Versendung der Gewinne. Nach Abschluss des Gewinnspiels werden Ihre bei uns gespeicherten Daten ab dem Ende des Kalenderjahres f\u00fcr 3 Jahre gespeichert.&nbsp;<\/p>\n\n\n\n<p class=\"has-text-align-left\">Rechtsgrundlage f\u00fcr die Datenverarbeitung ist Art. 6 Abs.1 b) DSGVO in Verbindung mit dem Vertrag.<\/p>\n\n\n\n<p class=\"has-text-align-left\">Sie haben ein Recht auf unentgeltliche Auskunft \u00fcber die bei uns zu Ihrer Person gespeicherten Daten. Soweit die gesetzlichen Voraussetzungen vorliegen, haben Sie au\u00dferdem ggf. ein Recht auf Berichtigung, Sperrung oder L\u00f6schung dieser Daten. Sie haben weiter das Recht, die Sie betreffenden personenbezogenen Daten, die Sie uns bereitgestellt haben, in einem strukturierten, g\u00e4ngigen und maschinenlesbaren Format von uns zu erhalten; Sie k\u00f6nnen diese Daten sodann an andere Stellen \u00fcbermitteln oder \u00fcbermitteln lassen. Sie haben au\u00dferdem ein Beschwerderecht bei der zust\u00e4ndigen Aufsichtsbeh\u00f6rde f\u00fcr den Datenschutz.<\/p>\n\n\n\n<p class=\"has-text-align-left\">Der\/die betriebliche Datenschutzbeauftragte der Beauty Media Solutions GmbH ist unter der Beauty Media Solutions GmbH, Luise-Rainer-Stra\u00dfe 7-11, 40235 D\u00fcsseldorf, zu Hd. Abteilung Datenschutz, bzw. per E-Mail an datenschutz@douglas.de erreichbar.<\/p>\n\n\n\n<h2 class=\"wp-block-heading\">8. Schlussbestimmungen<\/h2>\n\n\n\n<p class=\"has-text-align-left\">Das Gewinnspiel unterliegt deutschem Recht. Der Rechtsweg ist ausgeschlossen.<\/p>","protected":false},"excerpt":{"rendered":"<p>Teilnahmebedingungen \u201eDBT Testkampagne\u201c Gewinnspiel&nbsp; Veranstalter und Verantwortlicher f\u00fcr die Durchf\u00fchrung des Gewinnspiels ist die Beauty Media Solutions GmbH Luise-Rainer-Stra\u00dfe 7-11, 40235 D\u00fcsseldorf. 1. Teilnahme Teilnahmeschluss ist Donnerstag, der 08.12.2021, um 23:59 Uhr. Um an dem Gewinnspiel teilzunehmen m\u00fcssen Newsletter-Empf\u00e4nger auf dem Douglas Marketing Solutions LinkedIn Kanal nach der Antwort auf die Frage \u201eWie viel % &#8230; <a title=\"Teilnahmebedingungen Gewinnspiel\" class=\"read-more\" href=\"https:\/\/www.douglas-marketing-solutions.com\/de\/newsletter-teilnahmebedingungen\/\" aria-label=\"Mehr Informationen \u00fcber Teilnahmebedingungen Gewinnspiel\">Weiterlesen<\/a><\/p>","protected":false},"author":2,"featured_media":0,"parent":0,"menu_order":40,"comment_status":"closed","ping_status":"closed","template":"","meta":{"_acf_changed":false,"footnotes":""},"class_list":["post-2543","page","type-page","status-publish"],"acf":[],"yoast_head":"<!-- This site is optimized with the Yoast SEO plugin v23.9 - https:\/\/yoast.com\/wordpress\/plugins\/seo\/ -->\n<title>Teilnahmebedingungen Gewinnspiel | Douglas Marketing Solutions<\/title>\n<meta name=\"robots\" content=\"noindex, nofollow\" \/>\n<meta property=\"og:locale\" content=\"de_DE\" \/>\n<meta property=\"og:type\" content=\"article\" \/>\n<meta property=\"og:title\" content=\"Teilnahmebedingungen Gewinnspiel | Douglas Marketing Solutions\" \/>\n<meta property=\"og:description\" content=\"Teilnahmebedingungen \u201eDBT Testkampagne\u201c Gewinnspiel&nbsp; Veranstalter und Verantwortlicher f\u00fcr die Durchf\u00fchrung des Gewinnspiels ist die Beauty Media Solutions GmbH Luise-Rainer-Stra\u00dfe 7-11, 40235 D\u00fcsseldorf. 1. Teilnahme Teilnahmeschluss ist Donnerstag, der 08.12.2021, um 23:59 Uhr. Um an dem Gewinnspiel teilzunehmen m\u00fcssen Newsletter-Empf\u00e4nger auf dem Douglas Marketing Solutions LinkedIn Kanal nach der Antwort auf die Frage \u201eWie viel % ... Weiterlesen\" \/>\n<meta property=\"og:url\" content=\"https:\/\/www.douglas-marketing-solutions.com\/de\/newsletter-teilnahmebedingungen\/\" \/>\n<meta property=\"og:site_name\" content=\"Douglas Marketing Solutions\" \/>\n<meta property=\"article:modified_time\" content=\"2023-09-18T14:31:04+00:00\" \/>\n<meta name=\"twitter:card\" content=\"summary_large_image\" \/>\n<meta name=\"twitter:label1\" content=\"Gesch\u00e4tzte Lesezeit\" \/>\n\t<meta name=\"twitter:data1\" content=\"3\u00a0Minuten\" \/>\n<script type=\"application\/ld+json\" class=\"yoast-schema-graph\">{\"@context\":\"https:\/\/schema.org\",\"@graph\":[{\"@type\":\"WebPage\",\"@id\":\"https:\/\/www.douglas-marketing-solutions.com\/newsletter-teilnahmebedingungen\/\",\"url\":\"https:\/\/www.douglas-marketing-solutions.com\/newsletter-teilnahmebedingungen\/\",\"name\":\"Teilnahmebedingungen Gewinnspiel | Douglas Marketing Solutions\",\"isPartOf\":{\"@id\":\"https:\/\/www.douglas-marketing-solutions.com\/#website\"},\"datePublished\":\"2021-12-02T13:39:29+00:00\",\"dateModified\":\"2023-09-18T14:31:04+00:00\",\"breadcrumb\":{\"@id\":\"https:\/\/www.douglas-marketing-solutions.com\/newsletter-teilnahmebedingungen\/#breadcrumb\"},\"inLanguage\":\"de\",\"potentialAction\":[{\"@type\":\"ReadAction\",\"target\":[\"https:\/\/www.douglas-marketing-solutions.com\/newsletter-teilnahmebedingungen\/\"]}]},{\"@type\":\"BreadcrumbList\",\"@id\":\"https:\/\/www.douglas-marketing-solutions.com\/newsletter-teilnahmebedingungen\/#breadcrumb\",\"itemListElement\":[{\"@type\":\"ListItem\",\"position\":1,\"name\":\"Home\",\"item\":\"https:\/\/www.douglas-marketing-solutions.com\/\"},{\"@type\":\"ListItem\",\"position\":2,\"name\":\"Teilnahmebedingungen Gewinnspiel\"}]},{\"@type\":\"WebSite\",\"@id\":\"https:\/\/www.douglas-marketing-solutions.com\/#website\",\"url\":\"https:\/\/www.douglas-marketing-solutions.com\/\",\"name\":\"Douglas Marketing Solutions\",\"description\":\"\",\"publisher\":{\"@id\":\"https:\/\/www.douglas-marketing-solutions.com\/#organization\"},\"potentialAction\":[{\"@type\":\"SearchAction\",\"target\":{\"@type\":\"EntryPoint\",\"urlTemplate\":\"https:\/\/www.douglas-marketing-solutions.com\/?s={search_term_string}\"},\"query-input\":{\"@type\":\"PropertyValueSpecification\",\"valueRequired\":true,\"valueName\":\"search_term_string\"}}],\"inLanguage\":\"de\"},{\"@type\":\"Organization\",\"@id\":\"https:\/\/www.douglas-marketing-solutions.com\/#organization\",\"name\":\"Beauty Media Solutions GmbH\",\"url\":\"https:\/\/www.douglas-marketing-solutions.com\/\",\"logo\":{\"@type\":\"ImageObject\",\"inLanguage\":\"de\",\"@id\":\"https:\/\/www.douglas-marketing-solutions.com\/#\/schema\/logo\/image\/\",\"url\":\"https:\/\/www.douglas-marketing-solutions.com\/wp-content\/uploads\/Logo_DouglasMarketingSolutions.png\",\"contentUrl\":\"https:\/\/www.douglas-marketing-solutions.com\/wp-content\/uploads\/Logo_DouglasMarketingSolutions.png\",\"width\":2080,\"height\":657,\"caption\":\"Beauty Media Solutions GmbH\"},\"image\":{\"@id\":\"https:\/\/www.douglas-marketing-solutions.com\/#\/schema\/logo\/image\/\"}}]}<\/script>\n<!-- \/ Yoast SEO plugin. -->","yoast_head_json":{"title":"Teilnahmebedingungen Gewinnspiel | Douglas Marketing Solutions","robots":{"index":"noindex","follow":"nofollow"},"og_locale":"de_DE","og_type":"article","og_title":"Teilnahmebedingungen Gewinnspiel | Douglas Marketing Solutions","og_description":"Teilnahmebedingungen \u201eDBT Testkampagne\u201c Gewinnspiel&nbsp; Veranstalter und Verantwortlicher f\u00fcr die Durchf\u00fchrung des Gewinnspiels ist die Beauty Media Solutions GmbH Luise-Rainer-Stra\u00dfe 7-11, 40235 D\u00fcsseldorf. 1. Teilnahme Teilnahmeschluss ist Donnerstag, der 08.12.2021, um 23:59 Uhr. Um an dem Gewinnspiel teilzunehmen m\u00fcssen Newsletter-Empf\u00e4nger auf dem Douglas Marketing Solutions LinkedIn Kanal nach der Antwort auf die Frage \u201eWie viel % ... Weiterlesen","og_url":"https:\/\/www.douglas-marketing-solutions.com\/de\/newsletter-teilnahmebedingungen\/","og_site_name":"Douglas Marketing Solutions","article_modified_time":"2023-09-18T14:31:04+00:00","twitter_card":"summary_large_image","twitter_misc":{"Gesch\u00e4tzte Lesezeit":"3\u00a0Minuten"},"schema":{"@context":"https:\/\/schema.org","@graph":[{"@type":"WebPage","@id":"https:\/\/www.douglas-marketing-solutions.com\/newsletter-teilnahmebedingungen\/","url":"https:\/\/www.douglas-marketing-solutions.com\/newsletter-teilnahmebedingungen\/","name":"Teilnahmebedingungen Gewinnspiel | Douglas Marketing Solutions","isPartOf":{"@id":"https:\/\/www.douglas-marketing-solutions.com\/#website"},"datePublished":"2021-12-02T13:39:29+00:00","dateModified":"2023-09-18T14:31:04+00:00","breadcrumb":{"@id":"https:\/\/www.douglas-marketing-solutions.com\/newsletter-teilnahmebedingungen\/#breadcrumb"},"inLanguage":"de","potentialAction":[{"@type":"ReadAction","target":["https:\/\/www.douglas-marketing-solutions.com\/newsletter-teilnahmebedingungen\/"]}]},{"@type":"BreadcrumbList","@id":"https:\/\/www.douglas-marketing-solutions.com\/newsletter-teilnahmebedingungen\/#breadcrumb","itemListElement":[{"@type":"ListItem","position":1,"name":"Home","item":"https:\/\/www.douglas-marketing-solutions.com\/"},{"@type":"ListItem","position":2,"name":"Teilnahmebedingungen Gewinnspiel"}]},{"@type":"WebSite","@id":"https:\/\/www.douglas-marketing-solutions.com\/#website","url":"https:\/\/www.douglas-marketing-solutions.com\/","name":"Douglas Marketing Solutions","description":"","publisher":{"@id":"https:\/\/www.douglas-marketing-solutions.com\/#organization"},"potentialAction":[{"@type":"SearchAction","target":{"@type":"EntryPoint","urlTemplate":"https:\/\/www.douglas-marketing-solutions.com\/?s={search_term_string}"},"query-input":{"@type":"PropertyValueSpecification","valueRequired":true,"valueName":"search_term_string"}}],"inLanguage":"de"},{"@type":"Organization","@id":"https:\/\/www.douglas-marketing-solutions.com\/#organization","name":"Beauty Media Solutions GmbH","url":"https:\/\/www.douglas-marketing-solutions.com\/","logo":{"@type":"ImageObject","inLanguage":"de","@id":"https:\/\/www.douglas-marketing-solutions.com\/#\/schema\/logo\/image\/","url":"https:\/\/www.douglas-marketing-solutions.com\/wp-content\/uploads\/Logo_DouglasMarketingSolutions.png","contentUrl":"https:\/\/www.douglas-marketing-solutions.com\/wp-content\/uploads\/Logo_DouglasMarketingSolutions.png","width":2080,"height":657,"caption":"Beauty Media Solutions GmbH"},"image":{"@id":"https:\/\/www.douglas-marketing-solutions.com\/#\/schema\/logo\/image\/"}}]}},"_links":{"self":[{"href":"https:\/\/www.douglas-marketing-solutions.com\/de\/wp-json\/wp\/v2\/pages\/2543","targetHints":{"allow":["GET"]}}],"collection":[{"href":"https:\/\/www.douglas-marketing-solutions.com\/de\/wp-json\/wp\/v2\/pages"}],"about":[{"href":"https:\/\/www.douglas-marketing-solutions.com\/de\/wp-json\/wp\/v2\/types\/page"}],"author":[{"embeddable":true,"href":"https:\/\/www.douglas-marketing-solutions.com\/de\/wp-json\/wp\/v2\/users\/2"}],"replies":[{"embeddable":true,"href":"https:\/\/www.douglas-marketing-solutions.com\/de\/wp-json\/wp\/v2\/comments?post=2543"}],"version-history":[{"count":4,"href":"https:\/\/www.douglas-marketing-solutions.com\/de\/wp-json\/wp\/v2\/pages\/2543\/revisions"}],"predecessor-version":[{"id":2550,"href":"https:\/\/www.douglas-marketing-solutions.com\/de\/wp-json\/wp\/v2\/pages\/2543\/revisions\/2550"}],"wp:attachment":[{"href":"https:\/\/www.douglas-marketing-solutions.com\/de\/wp-json\/wp\/v2\/media?parent=2543"}],"curies":[{"name":"wp","href":"https:\/\/api.w.org\/{rel}","templated":true}]}}