{"id":2891,"date":"2022-07-22T09:12:20","date_gmt":"2022-07-22T09:12:20","guid":{"rendered":"https:\/\/www.douglas-marketing-solutions.com\/?page_id=2891"},"modified":"2025-06-23T14:25:25","modified_gmt":"2025-06-23T14:25:25","slug":"jobs","status":"publish","type":"page","link":"https:\/\/www.douglas-marketing-solutions.com\/de\/team\/jobs\/","title":{"rendered":"Jobs"},"content":{"rendered":"<figure class=\"wp-block-image alignfull size-full\"><img loading=\"lazy\" decoding=\"async\" width=\"2560\" height=\"773\" src=\"https:\/\/www.douglas-marketing-solutions.com\/wp-content\/uploads\/header_website_desktop_blanco-1.jpg\" alt=\"\" class=\"wp-image-4971\" srcset=\"https:\/\/www.douglas-marketing-solutions.com\/wp-content\/uploads\/header_website_desktop_blanco-1.jpg 2560w, https:\/\/www.douglas-marketing-solutions.com\/wp-content\/uploads\/header_website_desktop_blanco-1-300x91.jpg 300w, https:\/\/www.douglas-marketing-solutions.com\/wp-content\/uploads\/header_website_desktop_blanco-1-1536x464.jpg 1536w, https:\/\/www.douglas-marketing-solutions.com\/wp-content\/uploads\/header_website_desktop_blanco-1-2048x618.jpg 2048w, https:\/\/www.douglas-marketing-solutions.com\/wp-content\/uploads\/header_website_desktop_blanco-1-18x5.jpg 18w\" sizes=\"auto, (max-width: 2560px) 100vw, 2560px\" \/><\/figure>\n\n\n<div class=\"gb-grid-wrapper gb-grid-wrapper-235487ed jobs-overview-header\">\n<div class=\"gb-grid-column gb-grid-column-f75cb39f\"><div class=\"gb-container gb-container-f75cb39f jobs-overview-header__intro\"><div class=\"gb-inside-container\">\n\n<p class=\"has-text-align-left has-medium-font-size\">DOUGLAS Marketing Solutions ist als Inhouse-Mediaagentur von DOUGLAS positioniert und in 9 europ\u00e4ischen M\u00e4rkten aktiv. Wir entwickeln gezielte Full-Funnel-Media-Kampagnen f\u00fcr Werbetreibende aus den Bereichen Beauty, Health und Lifestyle, die Marken von der Awareness bis zum Abverkauf begleiten - immer auf Basis wertvoller 1st-Party-Daten. Dabei gilt das Prinzip \"data to insights to action\": Relevante Datenpunkte wie Kauf- und Surfverhalten werden im Targeting der Kampagnen gewinnbringend genutzt.<\/p>\n\n\n\n<p class=\"has-text-align-left\">Unser Portfolio umfasst neben Onsite- und Offsite-L\u00f6sungen auch Produkttest- und Sampling-L\u00f6sungen, die in Kombination mit den DOUGLAS-CRM-Daten einen ganzheitlichen Omnichannel-Ansatz erm\u00f6glichen - von der digitalen Aktivierung bis hin zur nachhaltigen positiven Wirkung durch Bewertungen und User Generated Content. <\/p>\n\n\n\n<p class=\"has-text-align-left\">DOUGLAS ist Europas f\u00fchrender Omnichannel-Anbieter f\u00fcr Beauty und inspiriert seine Kunden mit einem einzigartigen Angebot in Online-Shops, Partnerprogrammen und rund 1.840 Filialen, um ihnen individuelle Sch\u00f6nheit zu erm\u00f6glichen. Der Ausbau der erfolgreichen Omnichannel-Positionierung steht im Mittelpunkt der Strategie, mit der DOUGLAS das Kundenerlebnis konsequent weiterentwickelt. Im Gesch\u00e4ftsjahr 2021\/22 erwirtschaftete DOUGLAS einen Umsatz von 3,65 Milliarden Euro mit den Schwerpunkten D\u00fcfte, Make-up, Hautpflege, Haarpflege sowie Gesundheit und Accessoires.<\/p>\n\n<\/div><\/div><\/div>\n\n<div class=\"gb-grid-column gb-grid-column-94618f0b\"><div class=\"gb-container gb-container-94618f0b\"><div class=\"gb-inside-container\">\n\n<figure class=\"wp-block-image size-full\"><img loading=\"lazy\" decoding=\"async\" width=\"918\" height=\"878\" src=\"https:\/\/www.douglas-marketing-solutions.com\/wp-content\/uploads\/life-job-balance@2x.jpg\" alt=\"\" class=\"wp-image-3828\" srcset=\"https:\/\/www.douglas-marketing-solutions.com\/wp-content\/uploads\/life-job-balance@2x.jpg 918w, https:\/\/www.douglas-marketing-solutions.com\/wp-content\/uploads\/life-job-balance@2x-300x287.jpg 300w, https:\/\/www.douglas-marketing-solutions.com\/wp-content\/uploads\/life-job-balance@2x-13x12.jpg 13w\" sizes=\"auto, (max-width: 918px) 100vw, 918px\" \/><\/figure>\n\n<\/div><\/div><\/div>\n<\/div>\n\n\n<p><\/p>","protected":false},"excerpt":{"rendered":"","protected":false},"author":2,"featured_media":0,"parent":75,"menu_order":0,"comment_status":"closed","ping_status":"closed","template":"JobsOverviewPage.php","meta":{"_acf_changed":false,"footnotes":""},"class_list":["post-2891","page","type-page","status-publish"],"acf":[],"yoast_head":"<!-- This site is optimized with the Yoast SEO plugin v23.9 - https:\/\/yoast.com\/wordpress\/plugins\/seo\/ -->\n<title>Jobs | Douglas Marketing Solutions<\/title>\n<meta name=\"description\" content=\"Find your place in the DOUGLAS Marketing Solutions team. Discover our current job offers or apply on your own initiative.\" \/>\n<meta name=\"robots\" content=\"index, follow, max-snippet:-1, max-image-preview:large, max-video-preview:-1\" \/>\n<link rel=\"canonical\" href=\"https:\/\/www.douglas-marketing-solutions.com\/de\/team\/jobs\/\" \/>\n<meta property=\"og:locale\" content=\"de_DE\" \/>\n<meta property=\"og:type\" content=\"article\" \/>\n<meta property=\"og:title\" content=\"Jobs | Douglas Marketing Solutions\" \/>\n<meta property=\"og:description\" content=\"Find your place in the DOUGLAS Marketing Solutions team. Discover our current job offers or apply on your own initiative.\" \/>\n<meta property=\"og:url\" content=\"https:\/\/www.douglas-marketing-solutions.com\/de\/team\/jobs\/\" \/>\n<meta property=\"og:site_name\" content=\"Douglas Marketing Solutions\" \/>\n<meta property=\"article:modified_time\" content=\"2025-06-23T14:25:25+00:00\" \/>\n<meta property=\"og:image\" content=\"https:\/\/www.douglas-marketing-solutions.com\/wp-content\/uploads\/header_website_desktop_blanco-1.jpg\" \/>\n\t<meta property=\"og:image:width\" content=\"2560\" \/>\n\t<meta property=\"og:image:height\" content=\"773\" \/>\n\t<meta property=\"og:image:type\" content=\"image\/jpeg\" \/>\n<meta name=\"twitter:card\" content=\"summary_large_image\" \/>\n<meta name=\"twitter:label1\" content=\"Gesch\u00e4tzte Lesezeit\" \/>\n\t<meta name=\"twitter:data1\" content=\"2\u00a0Minuten\" \/>\n<script type=\"application\/ld+json\" class=\"yoast-schema-graph\">{\"@context\":\"https:\/\/schema.org\",\"@graph\":[{\"@type\":\"WebPage\",\"@id\":\"https:\/\/www.douglas-marketing-solutions.com\/team\/jobs\/\",\"url\":\"https:\/\/www.douglas-marketing-solutions.com\/team\/jobs\/\",\"name\":\"Jobs | Douglas Marketing Solutions\",\"isPartOf\":{\"@id\":\"https:\/\/www.douglas-marketing-solutions.com\/#website\"},\"primaryImageOfPage\":{\"@id\":\"https:\/\/www.douglas-marketing-solutions.com\/team\/jobs\/#primaryimage\"},\"image\":{\"@id\":\"https:\/\/www.douglas-marketing-solutions.com\/team\/jobs\/#primaryimage\"},\"thumbnailUrl\":\"https:\/\/www.douglas-marketing-solutions.com\/wp-content\/uploads\/header_website_desktop_blanco-1.jpg\",\"datePublished\":\"2022-07-22T09:12:20+00:00\",\"dateModified\":\"2025-06-23T14:25:25+00:00\",\"description\":\"Find your place in the DOUGLAS Marketing Solutions team. Discover our current job offers or apply on your own initiative.\",\"breadcrumb\":{\"@id\":\"https:\/\/www.douglas-marketing-solutions.com\/team\/jobs\/#breadcrumb\"},\"inLanguage\":\"de\",\"potentialAction\":[{\"@type\":\"ReadAction\",\"target\":[\"https:\/\/www.douglas-marketing-solutions.com\/team\/jobs\/\"]}]},{\"@type\":\"ImageObject\",\"inLanguage\":\"de\",\"@id\":\"https:\/\/www.douglas-marketing-solutions.com\/team\/jobs\/#primaryimage\",\"url\":\"https:\/\/www.douglas-marketing-solutions.com\/wp-content\/uploads\/header_website_desktop_blanco-1.jpg\",\"contentUrl\":\"https:\/\/www.douglas-marketing-solutions.com\/wp-content\/uploads\/header_website_desktop_blanco-1.jpg\"},{\"@type\":\"BreadcrumbList\",\"@id\":\"https:\/\/www.douglas-marketing-solutions.com\/team\/jobs\/#breadcrumb\",\"itemListElement\":[{\"@type\":\"ListItem\",\"position\":1,\"name\":\"Home\",\"item\":\"https:\/\/www.douglas-marketing-solutions.com\/\"},{\"@type\":\"ListItem\",\"position\":2,\"name\":\"Team\",\"item\":\"https:\/\/www.douglas-marketing-solutions.com\/team\/\"},{\"@type\":\"ListItem\",\"position\":3,\"name\":\"Jobs\"}]},{\"@type\":\"WebSite\",\"@id\":\"https:\/\/www.douglas-marketing-solutions.com\/#website\",\"url\":\"https:\/\/www.douglas-marketing-solutions.com\/\",\"name\":\"Douglas Marketing Solutions\",\"description\":\"\",\"publisher\":{\"@id\":\"https:\/\/www.douglas-marketing-solutions.com\/#organization\"},\"potentialAction\":[{\"@type\":\"SearchAction\",\"target\":{\"@type\":\"EntryPoint\",\"urlTemplate\":\"https:\/\/www.douglas-marketing-solutions.com\/?s={search_term_string}\"},\"query-input\":{\"@type\":\"PropertyValueSpecification\",\"valueRequired\":true,\"valueName\":\"search_term_string\"}}],\"inLanguage\":\"de\"},{\"@type\":\"Organization\",\"@id\":\"https:\/\/www.douglas-marketing-solutions.com\/#organization\",\"name\":\"Beauty Media Solutions GmbH\",\"url\":\"https:\/\/www.douglas-marketing-solutions.com\/\",\"logo\":{\"@type\":\"ImageObject\",\"inLanguage\":\"de\",\"@id\":\"https:\/\/www.douglas-marketing-solutions.com\/#\/schema\/logo\/image\/\",\"url\":\"https:\/\/www.douglas-marketing-solutions.com\/wp-content\/uploads\/Logo_DouglasMarketingSolutions.png\",\"contentUrl\":\"https:\/\/www.douglas-marketing-solutions.com\/wp-content\/uploads\/Logo_DouglasMarketingSolutions.png\",\"width\":2080,\"height\":657,\"caption\":\"Beauty Media Solutions GmbH\"},\"image\":{\"@id\":\"https:\/\/www.douglas-marketing-solutions.com\/#\/schema\/logo\/image\/\"}}]}<\/script>\n<!-- \/ Yoast SEO plugin. -->","yoast_head_json":{"title":"Jobs | Douglas Marketing Solutions","description":"Find your place in the DOUGLAS Marketing Solutions team. Discover our current job offers or apply on your own initiative.","robots":{"index":"index","follow":"follow","max-snippet":"max-snippet:-1","max-image-preview":"max-image-preview:large","max-video-preview":"max-video-preview:-1"},"canonical":"https:\/\/www.douglas-marketing-solutions.com\/de\/team\/jobs\/","og_locale":"de_DE","og_type":"article","og_title":"Jobs | Douglas Marketing Solutions","og_description":"Find your place in the DOUGLAS Marketing Solutions team. Discover our current job offers or apply on your own initiative.","og_url":"https:\/\/www.douglas-marketing-solutions.com\/de\/team\/jobs\/","og_site_name":"Douglas Marketing Solutions","article_modified_time":"2025-06-23T14:25:25+00:00","og_image":[{"width":2560,"height":773,"url":"https:\/\/www.douglas-marketing-solutions.com\/wp-content\/uploads\/header_website_desktop_blanco-1.jpg","type":"image\/jpeg"}],"twitter_card":"summary_large_image","twitter_misc":{"Gesch\u00e4tzte Lesezeit":"2\u00a0Minuten"},"schema":{"@context":"https:\/\/schema.org","@graph":[{"@type":"WebPage","@id":"https:\/\/www.douglas-marketing-solutions.com\/team\/jobs\/","url":"https:\/\/www.douglas-marketing-solutions.com\/team\/jobs\/","name":"Jobs | Douglas Marketing Solutions","isPartOf":{"@id":"https:\/\/www.douglas-marketing-solutions.com\/#website"},"primaryImageOfPage":{"@id":"https:\/\/www.douglas-marketing-solutions.com\/team\/jobs\/#primaryimage"},"image":{"@id":"https:\/\/www.douglas-marketing-solutions.com\/team\/jobs\/#primaryimage"},"thumbnailUrl":"https:\/\/www.douglas-marketing-solutions.com\/wp-content\/uploads\/header_website_desktop_blanco-1.jpg","datePublished":"2022-07-22T09:12:20+00:00","dateModified":"2025-06-23T14:25:25+00:00","description":"Find your place in the DOUGLAS Marketing Solutions team. Discover our current job offers or apply on your own initiative.","breadcrumb":{"@id":"https:\/\/www.douglas-marketing-solutions.com\/team\/jobs\/#breadcrumb"},"inLanguage":"de","potentialAction":[{"@type":"ReadAction","target":["https:\/\/www.douglas-marketing-solutions.com\/team\/jobs\/"]}]},{"@type":"ImageObject","inLanguage":"de","@id":"https:\/\/www.douglas-marketing-solutions.com\/team\/jobs\/#primaryimage","url":"https:\/\/www.douglas-marketing-solutions.com\/wp-content\/uploads\/header_website_desktop_blanco-1.jpg","contentUrl":"https:\/\/www.douglas-marketing-solutions.com\/wp-content\/uploads\/header_website_desktop_blanco-1.jpg"},{"@type":"BreadcrumbList","@id":"https:\/\/www.douglas-marketing-solutions.com\/team\/jobs\/#breadcrumb","itemListElement":[{"@type":"ListItem","position":1,"name":"Home","item":"https:\/\/www.douglas-marketing-solutions.com\/"},{"@type":"ListItem","position":2,"name":"Team","item":"https:\/\/www.douglas-marketing-solutions.com\/team\/"},{"@type":"ListItem","position":3,"name":"Jobs"}]},{"@type":"WebSite","@id":"https:\/\/www.douglas-marketing-solutions.com\/#website","url":"https:\/\/www.douglas-marketing-solutions.com\/","name":"Douglas Marketing Solutions","description":"","publisher":{"@id":"https:\/\/www.douglas-marketing-solutions.com\/#organization"},"potentialAction":[{"@type":"SearchAction","target":{"@type":"EntryPoint","urlTemplate":"https:\/\/www.douglas-marketing-solutions.com\/?s={search_term_string}"},"query-input":{"@type":"PropertyValueSpecification","valueRequired":true,"valueName":"search_term_string"}}],"inLanguage":"de"},{"@type":"Organization","@id":"https:\/\/www.douglas-marketing-solutions.com\/#organization","name":"Beauty Media Solutions GmbH","url":"https:\/\/www.douglas-marketing-solutions.com\/","logo":{"@type":"ImageObject","inLanguage":"de","@id":"https:\/\/www.douglas-marketing-solutions.com\/#\/schema\/logo\/image\/","url":"https:\/\/www.douglas-marketing-solutions.com\/wp-content\/uploads\/Logo_DouglasMarketingSolutions.png","contentUrl":"https:\/\/www.douglas-marketing-solutions.com\/wp-content\/uploads\/Logo_DouglasMarketingSolutions.png","width":2080,"height":657,"caption":"Beauty Media Solutions GmbH"},"image":{"@id":"https:\/\/www.douglas-marketing-solutions.com\/#\/schema\/logo\/image\/"}}]}},"_links":{"self":[{"href":"https:\/\/www.douglas-marketing-solutions.com\/de\/wp-json\/wp\/v2\/pages\/2891","targetHints":{"allow":["GET"]}}],"collection":[{"href":"https:\/\/www.douglas-marketing-solutions.com\/de\/wp-json\/wp\/v2\/pages"}],"about":[{"href":"https:\/\/www.douglas-marketing-solutions.com\/de\/wp-json\/wp\/v2\/types\/page"}],"author":[{"embeddable":true,"href":"https:\/\/www.douglas-marketing-solutions.com\/de\/wp-json\/wp\/v2\/users\/2"}],"replies":[{"embeddable":true,"href":"https:\/\/www.douglas-marketing-solutions.com\/de\/wp-json\/wp\/v2\/comments?post=2891"}],"version-history":[{"count":23,"href":"https:\/\/www.douglas-marketing-solutions.com\/de\/wp-json\/wp\/v2\/pages\/2891\/revisions"}],"predecessor-version":[{"id":4973,"href":"https:\/\/www.douglas-marketing-solutions.com\/de\/wp-json\/wp\/v2\/pages\/2891\/revisions\/4973"}],"up":[{"embeddable":true,"href":"https:\/\/www.douglas-marketing-solutions.com\/de\/wp-json\/wp\/v2\/pages\/75"}],"wp:attachment":[{"href":"https:\/\/www.douglas-marketing-solutions.com\/de\/wp-json\/wp\/v2\/media?parent=2891"}],"curies":[{"name":"wp","href":"https:\/\/api.w.org\/{rel}","templated":true}]}}