{"id":3,"date":"2020-07-22T13:28:34","date_gmt":"2020-07-22T13:28:34","guid":{"rendered":"https:\/\/prd-beauty-media-solutions.pub.az-we.dglecom.net\/\/?page_id=3"},"modified":"2025-02-21T09:29:45","modified_gmt":"2025-02-21T09:29:45","slug":"privacy-policy","status":"publish","type":"page","link":"https:\/\/www.douglas-marketing-solutions.com\/de\/datenschutz\/","title":{"rendered":"Datenschutz"},"content":{"rendered":"<section class=\"gb-container gb-container-617c48e9 headline-text\">\n\n<h2 class=\"gb-headline gb-headline-8a69d252 gb-headline-text\"><strong>Datenschutz<\/strong><\/h2>\n\n<\/section>\n\n<div class=\"gb-container gb-container-ae5ac092\">\n\n<ol class=\"wp-block-list\">\n<li><a href=\"#overview\">\u00dcberblick<\/a><\/li>\n\n\n\n<li><a href=\"#name\">Name und Kontaktdaten des f\u00fcr die Verarbeitung Verantwortlichen sowie des betrieblichen Datenschutzbeauftragten<\/a><\/li>\n\n\n\n<li><a href=\"#purpose\">Zwecke der Datenverarbeitung, Rechtsgrundlagen und berechtigte Interessen, die von uns oder einem Dritten verfolgt werden sowie Kategorien von Empf\u00e4ngern<\/a>\n<ol class=\"wp-block-list\">\n<li><a href=\"#visiting\">Aufrufen unserer Website<\/a><\/li>\n\n\n\n<li><a href=\"#contacting\">Kontaktaufnahme zur Douglas Marketing Solutions GmbH<\/a><\/li>\n\n\n\n<li><a href=\"#newsletter\">Newsletter<\/a><\/li>\n\n\n\n<li><a href=\"#website\">Website-Analyse<\/a><\/li>\n\n\n\n<li><a href=\"#categories\">Kategorien von Empf\u00e4ngern<\/a><\/li>\n<\/ol>\n<\/li>\n\n\n\n<li><a href=\"#rights\">Ihre Rechte<\/a>\n<ol class=\"wp-block-list\">\n<li><a href=\"#rightoverview\">\u00dcberblick<\/a><\/li>\n\n\n\n<li><a href=\"#rightobject\">Widerspruchsrecht<\/a><\/li>\n<\/ol>\n<\/li>\n<\/ol>\n\n\n\n<hr class=\"wp-block-separator has-css-opacity is-style-wide marginBottom\"\/>\n\n\n\n<h2 class=\"wp-block-heading has-text-align-left blog-img-headline\" id=\"overview\">1. \u00dcberblick<\/h2>\n\n\n\n<div style=\"height:24px\" aria-hidden=\"true\" class=\"wp-block-spacer\"><\/div>\n\n\n\n<p class=\"has-text-align-left\">Die folgenden Datenschutzhinweise informieren Dich \u00fcber Art und Umfang der Verarbeitung sogenannter personenbezogener Daten durch die DOUGLAS Marketing Solutions GmbH.<\/p>\n\n\n\n<p class=\"has-text-align-left\">Personenbezogene Daten sind Informationen, die Deiner Person direkt oder mittelbar zuzuordnen sind bzw. zugeordnet werden k\u00f6nnen.<\/p>\n\n\n\n<p class=\"has-text-align-left\">Mit Aufruf der Website\/Applikation der DOUGLAS Marketing Solutions GmbH werden verschiedene Informationen zwischen Deinem Endger\u00e4t und unserem Server ausgetauscht. Hierbei kann es sich auch um personenbezogene Daten handeln. Die so erhobenen Informationen werden u.a. dazu genutzt, Dir die Inhalte der Webseite anzuzeigen und den Zugriff durch Unberechtigte zu verhindern.<\/p>\n\n\n\n<div style=\"height:24px\" aria-hidden=\"true\" class=\"wp-block-spacer\"><\/div>\n\n\n\n<h2 class=\"wp-block-heading has-text-align-left blog-img-headline\" id=\"name\">2. Name und Kontaktdaten des f\u00fcr die Verarbeitung Verantwortlichen sowie des betrieblichen Datenschutzbeauftragten<\/h2>\n\n\n\n<div style=\"height:24px\" aria-hidden=\"true\" class=\"wp-block-spacer\"><\/div>\n\n\n\n<p class=\"has-text-align-left\">Diese Datenschutz-Information gilt f\u00fcr die Datenverarbeitung durch die<\/p>\n\n\n\n<p class=\"has-text-align-left\">DOUGLAS Marketing Solutions GmbH (\u201eVerantwortlicher\u201c oder \u201ewir\u201c, \u201euns\u201c etc.)<br>Luise-Rainer-Stra\u00dfe 7-11<br>40235 D\u00fcsseldorf<br>Email: marketingsolutions(at)douglas.de<br>Telefonnummer: +49 (0)211 16847 3321<\/p>\n\n\n\n<p class=\"has-text-align-left\">Der\/die betriebliche Datenschutzbeauftragte der DOUGLAS Marketing Solutions GmbH ist unter der o.g. Anschrift, zu Hd. Abteilung Datenschutz, bzw. per E-Mail an datenschutz@douglas.de erreichbar.<\/p>\n\n\n\n<div style=\"height:24px\" aria-hidden=\"true\" class=\"wp-block-spacer\"><\/div>\n\n\n\n<h2 class=\"wp-block-heading has-text-align-left blog-img-headline\" id=\"purpose\">3. Zwecke der Datenverarbeitung, Rechtsgrundlagen und berechtigte Interessen, die von uns oder einem Dritten verfolgt werden sowie Kategorien von Empf\u00e4ngern<\/h2>\n\n\n\n<div style=\"height:24px\" aria-hidden=\"true\" class=\"wp-block-spacer\"><\/div>\n\n\n\n<h3 class=\"wp-block-heading has-text-align-left\" id=\"visiting\">3.1. Aufrufen unserer Website<\/h3>\n\n\n\n<div style=\"height:24px\" aria-hidden=\"true\" class=\"wp-block-spacer\"><\/div>\n\n\n\n<p class=\"has-text-align-left\">Beim Aufrufen unserer Website\/Applikation werden durch den auf Deinem Endger\u00e4t zum Einsatz kommenden Browser automatisch Informationen an den Server unserer Website gesendet und tempor\u00e4r in einem sogenannten Log-File gespeichert. Folgende Informationen werden dabei auch ohne Dein Zutun erfasst und bis zur automatisierten L\u00f6schung nach sieben Tagen gespeichert:<\/p>\n\n\n\n<ul class=\"wp-block-list\">\n<li>Die IP-Adresse des anfragenden internetf\u00e4higen Ger\u00e4tes<\/li>\n\n\n\n<li>Das Datum und die Uhrzeit des Zugriffs<\/li>\n\n\n\n<li>Der Name und die URL der abgerufenen Datei<\/li>\n\n\n\n<li>Die Website\/Applikation, von der aus der Zugriff erfolgte (Referrer-URL)<\/li>\n\n\n\n<li>Der von Dir verwendete Browser und ggfs. das Betriebssystem Deines internetf\u00e4higen Rechners sowie der Name Ihres Access-Providers<\/li>\n<\/ul>\n\n\n\n<div style=\"height:24px\" aria-hidden=\"true\" class=\"wp-block-spacer\"><\/div>\n\n\n\n<p class=\"has-text-align-left\">Die Rechtsgrundlage f\u00fcr die Verarbeitung dieser Daten ist Artikel 6 Absatz 1 Buchstabe f) DSGVO. Unser berechtigtes Interesse folgt aus den nachfolgend aufgelisteten Zwecken:<\/p>\n\n\n\n<ul class=\"wp-block-list\">\n<li>Gew\u00e4hrleistung eines reibungslosen Verbindungsaufbaus<\/li>\n\n\n\n<li>Gew\u00e4hrleistung einer komfortablen Nutzung unserer Website\/Applikation<\/li>\n\n\n\n<li>Auswertung der Systemsicherheit und -stabilit\u00e4t<\/li>\n\n\n\n<li>Weitere administrative Zwecke<\/li>\n<\/ul>\n\n\n\n<div style=\"height:24px\" aria-hidden=\"true\" class=\"wp-block-spacer\"><\/div>\n\n\n\n<h3 class=\"wp-block-heading has-text-align-left\" id=\"contacting\">3.2. Kontaktaufnahme zur Douglas Marketing Solutions GmbH<\/h3>\n\n\n\n<div style=\"height:24px\" aria-hidden=\"true\" class=\"wp-block-spacer\"><\/div>\n\n\n\n<p class=\"has-text-align-left\">Du hast die M\u00f6glichkeit, auf unterschiedliche Weisen mit uns in Kontakt zu treten. Dazu z\u00e4hlt insbesondere die Kontaktaufnahme per Kontaktformular oder per E-Mail. Die im Rahmen einer Kontaktaufnahme mit uns stattfindende Datenverarbeitung kann, jeweils abh\u00e4ngig von dem Inhalt Ihrer Mitteilung, unterschiedlichen Zwecken dienen. In der Regel speichern und verarbeiten wir die angegebenen Daten weiter, um die Angelegenheit, wegen derer Du uns kontaktiert hast, bearbeiten zu k\u00f6nnen.<\/p>\n\n\n\n<p class=\"has-text-align-left\">Rechtsgrundlage f\u00fcr die Verarbeitung Deiner Daten im Rahmen einer Kontaktaufnahme mit uns ist Artikel 6 Absatz 1 Buchstabe f) DSGVO, basierend auf unserem berechtigten Interesse, mit (potentiellen) Gesch\u00e4ftspartnern und sonstigen Dritten zu kommunizieren.<\/p>\n\n\n\n<p class=\"has-text-align-left\">Deine im Zusammenhang mit der Kontaktaufnahme gespeicherten Daten werden gel\u00f6scht, sobald sie nicht mehr erforderlich sind und sie keinen gesetzlichen Aufbewahrungspflichten (mehr) unterliegen. Die Pr\u00fcfung, ob eine weitere Speicherung erforderlich ist, erfolgt mindestens j\u00e4hrlich. In der Regel sind wir verpflichtet, Kopien unserer Gesch\u00e4ftskorrespondenz f\u00fcr sechs Jahre (jeweils ab Jahresende) aufzubewahren. Rechtsgrundlage f\u00fcr diese Aufbewahrung ist Artikel 6 Absatz 1 Buchstabe c) DSGVO (Erf\u00fcllung einer rechtlichen Verpflichtung).<\/p>\n\n\n\n<p>Des Weiteren hast Du die M\u00f6glichkeit, \u00fcber Microsoft Teams sowie Microsoft Bookings Kontakt zu uns aufnehmen. Bitte beachte dazu die <a href=\"https:\/\/www.microsoft.com\/de-de\/privacy\/privacystatement\" target=\"_blank\" rel=\"noreferrer noopener\">Datenschutzhinwiese zu Microsoft Teams und Microsoft Bookings<\/a>.<\/p>\n\n\n\n<div style=\"height:24px\" aria-hidden=\"true\" class=\"wp-block-spacer\"><\/div>\n\n\n\n<h3 class=\"wp-block-heading\">3.3. Newsletter<\/h3>\n\n\n\n<div style=\"height:24px\" aria-hidden=\"true\" class=\"wp-block-spacer\"><\/div>\n\n\n\n<p class=\"has-text-align-left\">Auf unserer Webseite bieten wir Dir die M\u00f6glichkeit, Dich f\u00fcr unseren Newsletter anzumelden. Um sicher gehen zu k\u00f6nnen, dass bei der Eingabe der Email-Adresse keine Fehler unterlaufen sind, setzen wir das sog. Double-Opt-In-Verfahren ein: Nachdem Du Deine Email-Adresse in das Anmeldefeld eingegeben hast, \u00fcbersenden wir Dir einen Best\u00e4tigungslink. Erst wenn Du diesen Best\u00e4tigungslink anklickst, wird Deine Email-Adresse in unseren Verteiler aufgenommen. Die Verarbeitung Deiner elektronischen Kontaktdaten erfolgt an dieser Stelle allein auf Grundlage Deiner Einwilligung Artikel 6 Absatz 1 Buchstabe a) DSGVO).<\/p>\n\n\n\n<p class=\"has-text-align-left\">Durch die Anmeldung willigst Du ein, dass wir die zu Dir gespeicherten Daten (E-Mail Adresse) erheben, um sie f\u00fcr die eigene Markt- und Meinungsforschung (z.B. in Form von Umfragen zur Erhebung von Meinungen zu  Produkten) zu verwenden und Dir auf dieser Grundlage personalisierte Werbung und besondere Angebote (ausschlie\u00dflich zu unseren Produkten und Services) zukommen lassen.<\/p>\n\n\n\n<p class=\"has-text-align-left\">Diese Einwilligung kannst Du jederzeit widerrufen, z.B. \u00fcber den in jeder E-Mail enthaltenen \u201aAbmelde\u2018-Link. Dein Widerruf ber\u00fchrt nicht die Rechtm\u00e4\u00dfigkeit der aufgrund Deiner Einwilligung bis zum Widerruf erfolgten Verarbeitung Deiner Daten f\u00fcr den jeweiligen Zweck.<\/p>\n\n\n\n<div style=\"height:24px\" aria-hidden=\"true\" class=\"wp-block-spacer\"><\/div>\n\n\n\n<h3 class=\"wp-block-heading has-text-align-left\" id=\"website\">3.4. Website analytics<\/h3>\n\n\n\n<div style=\"height:24px\" aria-hidden=\"true\" class=\"wp-block-spacer\"><\/div>\n\n\n\n<p class=\"has-text-align-left\">Durch Aufrufen unserer Website kannst Du Tracking Diensten zustimmen. Zweck dieser Dienste ist die Analyse des Nutzungsverhaltens durch die Besucher*innen unserer Website. Dein Browser \u00fcbermittelt hierbei Daten \u00fcber Deine Nutzung unserer Website an Server von Piwik PRO bzw. von diesen beauftragten Dienstleistern in der EU gespeichert, wo sie entsprechend der <a href=\"https:\/\/piwik.pro\/privacy-policy\/\" target=\"_blank\" rel=\"noreferrer noopener\">Datenschutzrichtlinie von Piwik Pro<\/a>\u00a0weiter verarbeitet werden. Piwik PRO kann daf\u00fcr Cookies, Tags, IP-Adressen und sog. Fingerprinting nutzen. Dies kann die Erhebung bzw. Verarbeitung der folgenden Daten umfassen:<\/p>\n\n\n\n<ul class=\"wp-block-list\">\n<li>Die (verk\u00fcrzte) IP-Adresse des anfragenden internetf\u00e4higen Ger\u00e4tes<\/li>\n\n\n\n<li>Das Datum und die Uhrzeit des Zugriffs<\/li>\n\n\n\n<li>Der Name und die URL der abgerufenen Datei<\/li>\n\n\n\n<li>Die Website\/Applikation, von der aus der Zugriff erfolgte (Referrer-URL)<\/li>\n\n\n\n<li>Der von Dir verwendete Browser und ggfs. das Betriebssystem und weitere Eigenschaften Deines internetf\u00e4higen Rechners (z.B. Ihre Bildschirmaufl\u00f6sung).<\/li>\n<\/ul>\n\n\n\n<div style=\"height:24px\" aria-hidden=\"true\" class=\"wp-block-spacer\"><\/div>\n\n\n\n<p class=\"has-text-align-left\">Die in diesem Zusammenhang verwendeten Cookies haben eine Speicherdauer von bis zu 2 Jahren. Soweit Piwik PRO die erhobenen Daten im Rahmen einer Auftragsverarbeitung speichert, ist die Speicherdauer dieser Daten auf h\u00f6chsten 14 Monate beschr\u00e4nkt.<\/p>\n\n\n\n<p class=\"has-text-align-left\">Rechtsgrundlage f\u00fcr die mit Piwik Pro verbundene Verarbeitung Deiner Daten ist Artikel 6 Absatz 1 Buchstabe a) DSGVO in Verbindung mit Deiner Einwilligung. Du kannst diese Einwilligung jederzeit in den Cookie-Einstellungen widerrufen. Durch den Widerruf der Einwilligung wird die Rechtm\u00e4\u00dfigkeit der aufgrund der Einwilligung bis zum Widerruf erfolgten Verarbeitung nicht ber\u00fchrt.<\/p>\n\n\n\n<div style=\"height:24px\" aria-hidden=\"true\" class=\"wp-block-spacer\"><\/div>\n\n\n\n<h3 class=\"wp-block-heading has-text-align-left\" id=\"categories\">Kategorien von Empf\u00e4ngern<\/h3>\n\n\n\n<div style=\"height:24px\" aria-hidden=\"true\" class=\"wp-block-spacer\"><\/div>\n\n\n\n<p class=\"has-text-align-left\">F\u00fcr bestimmte Aufgaben k\u00f6nnen wir externe Dienstleister mit der Datenverarbeitung beauftragen (z. B. Rechenzentren, Berater). Wann immer wir mit solchen Dienstleistern zusammenarbeiten, sind diese durch vertragliche Vereinbarungen in gleicher Weise wie wir zur Beachtung des Datenschutzes verpflichtet.<\/p>\n\n\n\n<div style=\"height:24px\" aria-hidden=\"true\" class=\"wp-block-spacer\"><\/div>\n\n\n\n<h2 class=\"wp-block-heading blog-img-headline\" id=\"rights\">4. Ihre Rechte<\/h2>\n\n\n\n<div style=\"height:24px\" aria-hidden=\"true\" class=\"wp-block-spacer\"><\/div>\n\n\n\n<h3 class=\"wp-block-heading has-text-align-left\" id=\"rightoverview\">4.1. \u00dcberblick<\/h3>\n\n\n\n<div style=\"height:24px\" aria-hidden=\"true\" class=\"wp-block-spacer\"><\/div>\n\n\n\n<p class=\"has-text-align-left\">Den Vorgaben der DSGVO entsprechend hast Du unterschiedliche Rechte, die Du uns gegen\u00fcber geltend machen kannst. Hierzu z\u00e4hlt u.a. das Recht, Widerspruch gegen ausgew\u00e4hlte Datenverarbeitungen, insbesondere Datenverarbeitungen zu Werbezwecken, einlegen zu k\u00f6nnen. Neben dem Recht auf Widerruf Deiner uns gegen\u00fcber erteilten Einwilligungen stehen Dir bei Vorliegen der jeweiligen gesetzlichen Voraussetzungen die folgenden weiteren Rechte zu:<\/p>\n\n\n\n<ul class=\"wp-block-list\">\n<li>Recht auf Auskunft \u00fcber Deine bei uns gespeicherten pers\u00f6nlichen Daten gem. Artikel 15 DSGVO<\/li>\n\n\n\n<li>Recht auf Berichtigung unrichtiger oder auf Vervollst\u00e4ndigung richtiger Daten gem. Artikel 16 DSGVO<\/li>\n\n\n\n<li>Recht auf L\u00f6schung Deiner bei uns gespeicherten Daten gem. Artikel 17 DSGVO<\/li>\n\n\n\n<li>Recht auf Einschr\u00e4nkung der Verarbeitung Deiner Daten gem. Artikel 18 DSGVO<\/li>\n\n\n\n<li>Recht auf Daten\u00fcbertragbarkeit gem. Artikel 20 DSGVO<\/li>\n\n\n\n<li>Recht auf Beschwerde bei einer Aufsichtsbeh\u00f6rde. In der Regel kannst Du Dich hierf\u00fcr an die Aufsichtsbeh\u00f6rde Deines \u00fcblichen Aufenthaltsortes oder Arbeitsplatzes oder unseres Unternehmenssitzes wenden<\/li>\n<\/ul>\n\n\n\n<div style=\"height:24px\" aria-hidden=\"true\" class=\"wp-block-spacer\"><\/div>\n\n\n\n<h3 class=\"wp-block-heading has-text-align-left\" id=\"rightobject\">4.2. Widerspruchsrecht<\/h3>\n\n\n\n<div style=\"height:24px\" aria-hidden=\"true\" class=\"wp-block-spacer\"><\/div>\n\n\n\n<p class=\"has-text-align-left\">Du hast das Recht, aus Gr\u00fcnden, die sich aus Deiner besonderen Situation ergeben, jederzeit gegen die Verarbeitung Dich betreffender personenbezogener Daten, die aufgrund von Artikel 6 Absatz 1 Buchstabe f) erfolgt, Widerspruch einzulegen; dies gilt auch f\u00fcr ein auf diese Bestimmung gest\u00fctztes Profiling. Wie verarbeiten die personenbezogenen Daten dann nicht mehr, es sei denn, wir k\u00f6nnen zwingende schutzw\u00fcrdige Gr\u00fcnde f\u00fcr die Verarbeitung nachweisen, die Deine Interessen, Rechte und Freiheiten \u00fcberwiegen, oder die Verarbeitung dient der Geltendmachung, Aus\u00fcbung oder Verteidigung von Rechtsanspr\u00fcchen.<\/p>\n\n\n\n<p class=\"has-text-align-left\">Werden Deine personenbezogenen Daten verarbeitet, um Direktwerbung zu betreiben, so hast Du das Recht, jederzeit Widerspruch gegen diese Verarbeitung Dich betreffender personenbezogener Daten zum Zwecke derartiger Werbung einzulegen; dies gilt auch f\u00fcr das Profiling, soweit es mit solcher Direktwerbung in Verbindung steht. Widersprichst Du der Verarbeitung f\u00fcr Zwecke der Direktwerbung, so werden die personenbezogenen Daten nicht mehr f\u00fcr diese Zwecke verarbeitet.<\/p>\n\n<\/div>","protected":false},"excerpt":{"rendered":"<p>Data protection 1. Overview The following data protection information informs you about the type and scope of the processing of so-called personal data by DOUGLAS Marketing Solutions GmbH. Personal data is information that is or can be directly or indirectly assigned to your person. When you access the DOUGLAS Marketing Solutions GmbH website\/application, various information &#8230; <a title=\"Datenschutz\" class=\"read-more\" href=\"https:\/\/www.douglas-marketing-solutions.com\/de\/datenschutz\/\" aria-label=\"Mehr Informationen \u00fcber Data protection\">Weiterlesen<\/a><\/p>","protected":false},"author":5,"featured_media":0,"parent":0,"menu_order":0,"comment_status":"closed","ping_status":"closed","template":"No-tracking.php","meta":{"_acf_changed":false,"footnotes":""},"class_list":["post-3","page","type-page","status-publish"],"acf":[],"yoast_head":"<!-- This site is optimized with the Yoast SEO plugin v23.9 - https:\/\/yoast.com\/wordpress\/plugins\/seo\/ -->\n<title>Data protection | Douglas Marketing Solutions<\/title>\n<meta name=\"robots\" content=\"index, follow, max-snippet:-1, max-image-preview:large, max-video-preview:-1\" \/>\n<link rel=\"canonical\" href=\"https:\/\/www.douglas-marketing-solutions.com\/de\/privacy-policy\/\" \/>\n<meta property=\"og:locale\" content=\"de_DE\" \/>\n<meta property=\"og:type\" content=\"article\" \/>\n<meta property=\"og:title\" content=\"Data protection | Douglas Marketing Solutions\" \/>\n<meta property=\"og:description\" content=\"Data protection 1. Overview The following data protection information informs you about the type and scope of the processing of so-called personal data by DOUGLAS Marketing Solutions GmbH. Personal data is information that is or can be directly or indirectly assigned to your person. When you access the DOUGLAS Marketing Solutions GmbH website\/application, various information ... Weiterlesen\" \/>\n<meta property=\"og:url\" content=\"https:\/\/www.douglas-marketing-solutions.com\/de\/privacy-policy\/\" \/>\n<meta property=\"og:site_name\" content=\"Douglas Marketing Solutions\" \/>\n<meta property=\"article:modified_time\" content=\"2025-02-21T09:29:45+00:00\" \/>\n<meta name=\"twitter:card\" content=\"summary_large_image\" \/>\n<meta name=\"twitter:label1\" content=\"Gesch\u00e4tzte Lesezeit\" \/>\n\t<meta name=\"twitter:data1\" content=\"7\u00a0Minuten\" \/>\n<script type=\"application\/ld+json\" class=\"yoast-schema-graph\">{\"@context\":\"https:\/\/schema.org\",\"@graph\":[{\"@type\":\"WebPage\",\"@id\":\"https:\/\/www.douglas-marketing-solutions.com\/privacy-policy\/\",\"url\":\"https:\/\/www.douglas-marketing-solutions.com\/privacy-policy\/\",\"name\":\"Data protection | Douglas Marketing Solutions\",\"isPartOf\":{\"@id\":\"https:\/\/www.douglas-marketing-solutions.com\/#website\"},\"datePublished\":\"2020-07-22T13:28:34+00:00\",\"dateModified\":\"2025-02-21T09:29:45+00:00\",\"breadcrumb\":{\"@id\":\"https:\/\/www.douglas-marketing-solutions.com\/privacy-policy\/#breadcrumb\"},\"inLanguage\":\"de\",\"potentialAction\":[{\"@type\":\"ReadAction\",\"target\":[\"https:\/\/www.douglas-marketing-solutions.com\/privacy-policy\/\"]}]},{\"@type\":\"BreadcrumbList\",\"@id\":\"https:\/\/www.douglas-marketing-solutions.com\/privacy-policy\/#breadcrumb\",\"itemListElement\":[{\"@type\":\"ListItem\",\"position\":1,\"name\":\"Home\",\"item\":\"https:\/\/www.douglas-marketing-solutions.com\/\"},{\"@type\":\"ListItem\",\"position\":2,\"name\":\"Data protection\"}]},{\"@type\":\"WebSite\",\"@id\":\"https:\/\/www.douglas-marketing-solutions.com\/#website\",\"url\":\"https:\/\/www.douglas-marketing-solutions.com\/\",\"name\":\"Douglas Marketing Solutions\",\"description\":\"\",\"publisher\":{\"@id\":\"https:\/\/www.douglas-marketing-solutions.com\/#organization\"},\"potentialAction\":[{\"@type\":\"SearchAction\",\"target\":{\"@type\":\"EntryPoint\",\"urlTemplate\":\"https:\/\/www.douglas-marketing-solutions.com\/?s={search_term_string}\"},\"query-input\":{\"@type\":\"PropertyValueSpecification\",\"valueRequired\":true,\"valueName\":\"search_term_string\"}}],\"inLanguage\":\"de\"},{\"@type\":\"Organization\",\"@id\":\"https:\/\/www.douglas-marketing-solutions.com\/#organization\",\"name\":\"Beauty Media Solutions GmbH\",\"url\":\"https:\/\/www.douglas-marketing-solutions.com\/\",\"logo\":{\"@type\":\"ImageObject\",\"inLanguage\":\"de\",\"@id\":\"https:\/\/www.douglas-marketing-solutions.com\/#\/schema\/logo\/image\/\",\"url\":\"https:\/\/www.douglas-marketing-solutions.com\/wp-content\/uploads\/Logo_DouglasMarketingSolutions.png\",\"contentUrl\":\"https:\/\/www.douglas-marketing-solutions.com\/wp-content\/uploads\/Logo_DouglasMarketingSolutions.png\",\"width\":2080,\"height\":657,\"caption\":\"Beauty Media Solutions GmbH\"},\"image\":{\"@id\":\"https:\/\/www.douglas-marketing-solutions.com\/#\/schema\/logo\/image\/\"}}]}<\/script>\n<!-- \/ Yoast SEO plugin. -->","yoast_head_json":{"title":"Data protection | Douglas Marketing Solutions","robots":{"index":"index","follow":"follow","max-snippet":"max-snippet:-1","max-image-preview":"max-image-preview:large","max-video-preview":"max-video-preview:-1"},"canonical":"https:\/\/www.douglas-marketing-solutions.com\/de\/privacy-policy\/","og_locale":"de_DE","og_type":"article","og_title":"Data protection | Douglas Marketing Solutions","og_description":"Data protection 1. Overview The following data protection information informs you about the type and scope of the processing of so-called personal data by DOUGLAS Marketing Solutions GmbH. Personal data is information that is or can be directly or indirectly assigned to your person. When you access the DOUGLAS Marketing Solutions GmbH website\/application, various information ... Weiterlesen","og_url":"https:\/\/www.douglas-marketing-solutions.com\/de\/privacy-policy\/","og_site_name":"Douglas Marketing Solutions","article_modified_time":"2025-02-21T09:29:45+00:00","twitter_card":"summary_large_image","twitter_misc":{"Gesch\u00e4tzte Lesezeit":"7\u00a0Minuten"},"schema":{"@context":"https:\/\/schema.org","@graph":[{"@type":"WebPage","@id":"https:\/\/www.douglas-marketing-solutions.com\/privacy-policy\/","url":"https:\/\/www.douglas-marketing-solutions.com\/privacy-policy\/","name":"Data protection | Douglas Marketing Solutions","isPartOf":{"@id":"https:\/\/www.douglas-marketing-solutions.com\/#website"},"datePublished":"2020-07-22T13:28:34+00:00","dateModified":"2025-02-21T09:29:45+00:00","breadcrumb":{"@id":"https:\/\/www.douglas-marketing-solutions.com\/privacy-policy\/#breadcrumb"},"inLanguage":"de","potentialAction":[{"@type":"ReadAction","target":["https:\/\/www.douglas-marketing-solutions.com\/privacy-policy\/"]}]},{"@type":"BreadcrumbList","@id":"https:\/\/www.douglas-marketing-solutions.com\/privacy-policy\/#breadcrumb","itemListElement":[{"@type":"ListItem","position":1,"name":"Home","item":"https:\/\/www.douglas-marketing-solutions.com\/"},{"@type":"ListItem","position":2,"name":"Data protection"}]},{"@type":"WebSite","@id":"https:\/\/www.douglas-marketing-solutions.com\/#website","url":"https:\/\/www.douglas-marketing-solutions.com\/","name":"Douglas Marketing Solutions","description":"","publisher":{"@id":"https:\/\/www.douglas-marketing-solutions.com\/#organization"},"potentialAction":[{"@type":"SearchAction","target":{"@type":"EntryPoint","urlTemplate":"https:\/\/www.douglas-marketing-solutions.com\/?s={search_term_string}"},"query-input":{"@type":"PropertyValueSpecification","valueRequired":true,"valueName":"search_term_string"}}],"inLanguage":"de"},{"@type":"Organization","@id":"https:\/\/www.douglas-marketing-solutions.com\/#organization","name":"Beauty Media Solutions GmbH","url":"https:\/\/www.douglas-marketing-solutions.com\/","logo":{"@type":"ImageObject","inLanguage":"de","@id":"https:\/\/www.douglas-marketing-solutions.com\/#\/schema\/logo\/image\/","url":"https:\/\/www.douglas-marketing-solutions.com\/wp-content\/uploads\/Logo_DouglasMarketingSolutions.png","contentUrl":"https:\/\/www.douglas-marketing-solutions.com\/wp-content\/uploads\/Logo_DouglasMarketingSolutions.png","width":2080,"height":657,"caption":"Beauty Media Solutions GmbH"},"image":{"@id":"https:\/\/www.douglas-marketing-solutions.com\/#\/schema\/logo\/image\/"}}]}},"_links":{"self":[{"href":"https:\/\/www.douglas-marketing-solutions.com\/de\/wp-json\/wp\/v2\/pages\/3","targetHints":{"allow":["GET"]}}],"collection":[{"href":"https:\/\/www.douglas-marketing-solutions.com\/de\/wp-json\/wp\/v2\/pages"}],"about":[{"href":"https:\/\/www.douglas-marketing-solutions.com\/de\/wp-json\/wp\/v2\/types\/page"}],"author":[{"embeddable":true,"href":"https:\/\/www.douglas-marketing-solutions.com\/de\/wp-json\/wp\/v2\/users\/5"}],"replies":[{"embeddable":true,"href":"https:\/\/www.douglas-marketing-solutions.com\/de\/wp-json\/wp\/v2\/comments?post=3"}],"version-history":[{"count":49,"href":"https:\/\/www.douglas-marketing-solutions.com\/de\/wp-json\/wp\/v2\/pages\/3\/revisions"}],"predecessor-version":[{"id":4727,"href":"https:\/\/www.douglas-marketing-solutions.com\/de\/wp-json\/wp\/v2\/pages\/3\/revisions\/4727"}],"wp:attachment":[{"href":"https:\/\/www.douglas-marketing-solutions.com\/de\/wp-json\/wp\/v2\/media?parent=3"}],"curies":[{"name":"wp","href":"https:\/\/api.w.org\/{rel}","templated":true}]}}