{"id":5008,"date":"2025-09-18T03:30:07","date_gmt":"2025-09-18T03:30:07","guid":{"rendered":"https:\/\/www.douglas-marketing-solutions.com\/?page_id=5008"},"modified":"2025-09-18T07:14:14","modified_gmt":"2025-09-18T07:14:14","slug":"test-form-page","status":"publish","type":"page","link":"https:\/\/www.douglas-marketing-solutions.com\/de\/test-form-page\/","title":{"rendered":"Test-form-page"},"content":{"rendered":"<div class=\"gb-container gb-container-ebc0e7de intro-text\"><div class=\"gb-inside-container\">\n\n<p class=\"gb-headline gb-headline-9530e1b9 gb-headline-text\">Als europ\u00e4ischer N\u00b01 Beauty Retailer bietet DOUGLAS eurer Marke eine einzigartige B\u00fchne, um sich zielgerichtet dem beauty- und lifestyle affinen Publikum zu pr\u00e4sentieren.<\/p>\n\n\n\n<div style=\"height:1px\" aria-hidden=\"true\" class=\"wp-block-spacer\"><\/div>\n\n\n\n<p class=\"gb-headline gb-headline-d29df0d2 gb-headline-text\">Erlebe wie aus dem Schatz von Daten aus erster Hand handfeste Kampagnenergebnisse werden!<\/p>\n\n\n\n<div style=\"height:72px\" aria-hidden=\"true\" class=\"wp-block-spacer\"><\/div>\n\n\n\n<h2 class=\"wp-block-heading has-text-align-center\">Download Retail Media Onepager<\/h2>\n\n\n\n<div style=\"height:24px\" aria-hidden=\"true\" class=\"wp-block-spacer\"><\/div>\n\n\n\n<p class=\"gb-headline gb-headline-326d054e gb-headline-text\">Ihr wollt einen schnellen \u00dcberblick verschaffen? Erhaltet alle wichtigen Informationen \u00fcber unsere Retail Media L\u00f6sungen auf einen Blick! Ladet jetzt unseren One Pager herunter und entdeckt, wie Ihr Eure Markenbekanntheit effektiv steigern k\u00f6nnt.<\/p>\n\n\n\n<div style=\"height:24px\" aria-hidden=\"true\" class=\"wp-block-spacer\"><\/div>\n\n\n<div class=\"gb-button-wrapper gb-button-wrapper-83e7722f\">\n\n<button class=\"gb-button gb-button-26c4c76d gb-button-text button-modal\" id=\"show-download-form\">Jetzt runterladen<\/button>\n\n<\/div>\n\n<div class=\"gb-container gb-container-7a0586a0 download-form download--form-de\">\n\n<div class=\"wpcf7 no-js\" id=\"wpcf7-f4711-o1\" lang=\"en-US\" dir=\"ltr\" data-wpcf7-id=\"4711\">\n<div class=\"screen-reader-response\"><p role=\"status\" aria-live=\"polite\" aria-atomic=\"true\"><\/p> <ul><\/ul><\/div>\n<form action=\"\/wp-json\/wp\/v2\/pages\/5008\" method=\"post\" class=\"wpcf7-form init\" aria-label=\"Contact form\" novalidate=\"novalidate\" data-status=\"init\" data-trp-original-action=\"\/de\/wp-json\/wp\/v2\/pages\/5008#wpcf7-f4711-o1\">\n<div style=\"display: none;\">\n<input type=\"hidden\" name=\"_wpcf7\" value=\"4711\" \/>\n<input type=\"hidden\" name=\"_wpcf7_version\" value=\"6.0.1\" \/>\n<input type=\"hidden\" name=\"_wpcf7_locale\" value=\"en_US\" \/>\n<input type=\"hidden\" name=\"_wpcf7_unit_tag\" value=\"wpcf7-f4711-o1\" \/>\n<input type=\"hidden\" name=\"_wpcf7_container_post\" value=\"0\" \/>\n<input type=\"hidden\" name=\"_wpcf7_posted_data_hash\" value=\"\" \/>\n<input type=\"hidden\" name=\"_wpcf7cf_hidden_group_fields\" value=\"[]\" \/>\n<input type=\"hidden\" name=\"_wpcf7cf_hidden_groups\" value=\"[]\" \/>\n<input type=\"hidden\" name=\"_wpcf7cf_visible_groups\" value=\"[]\" \/>\n<input type=\"hidden\" name=\"_wpcf7cf_repeaters\" value=\"[]\" \/>\n<input type=\"hidden\" name=\"_wpcf7cf_steps\" value=\"{}\" \/>\n<input type=\"hidden\" name=\"_wpcf7cf_options\" value=\"{&quot;form_id&quot;:4711,&quot;conditions&quot;:[],&quot;settings&quot;:{&quot;animation&quot;:&quot;yes&quot;,&quot;animation_intime&quot;:200,&quot;animation_outtime&quot;:200,&quot;conditions_ui&quot;:&quot;normal&quot;,&quot;notice_dismissed&quot;:false,&quot;notice_dismissed_rollback-cf7-5.4.1&quot;:true,&quot;notice_dismissed_rollback-cf7-5.7.7&quot;:true,&quot;notice_dismissed_rollback-cf7-6.0&quot;:true}}\" \/>\n<\/div>\n<div class=\"form-container\">\n\t<div class=\"grid-50 tablet-grid-50 mobile-grid-100 left-column\">\n\t\t<p><label> Vorname * <span class=\"wpcf7-form-control-wrap\" data-name=\"first-name\"><input size=\"40\" maxlength=\"400\" class=\"wpcf7-form-control wpcf7-text wpcf7-validates-as-required\" aria-required=\"true\" aria-invalid=\"false\" value=\"\" type=\"text\" name=\"first-name\" \/><\/span> <\/label>\n\t\t<\/p>\n\t<\/div>\n\t<div class=\"grid-50 tablet-grid-50 mobile-grid-100 right-column\">\n\t\t<p><label> Nachname * <span class=\"wpcf7-form-control-wrap\" data-name=\"last-name\"><input size=\"40\" maxlength=\"400\" class=\"wpcf7-form-control wpcf7-text wpcf7-validates-as-required\" aria-required=\"true\" aria-invalid=\"false\" value=\"\" type=\"text\" name=\"last-name\" \/><\/span> <\/label>\n\t\t<\/p>\n\t<\/div>\n\t<div class=\"grid-50 tablet-grid-50 mobile-grid-100 left-column\">\n\t\t<p><label> Gesch\u00e4ftliche E-Mail-Adresse * <span class=\"wpcf7-form-control-wrap\" data-name=\"email-70\"><input size=\"40\" maxlength=\"400\" class=\"wpcf7-form-control wpcf7-email wpcf7-validates-as-required wpcf7-text wpcf7-validates-as-email\" aria-required=\"true\" aria-invalid=\"false\" value=\"\" type=\"email\" name=\"email-70\" \/><\/span> <\/label>\n\t\t<\/p>\n\t<\/div>\n\t<div class=\"grid-50 tablet-grid-50 mobile-grid-100 right-column\">\n\t\t<p><label> Telefonnummer (optional) <span class=\"wpcf7-form-control-wrap\" data-name=\"tel-754\"><input size=\"40\" maxlength=\"400\" class=\"wpcf7-form-control wpcf7-tel wpcf7-text wpcf7-validates-as-tel\" aria-invalid=\"false\" value=\"\" type=\"tel\" name=\"tel-754\" \/><\/span> <\/label>\n\t\t<\/p>\n\t<\/div>\n\t<div class=\"grid-100 full-column\">\n\t\t<p><label> Firmenname * <span class=\"wpcf7-form-control-wrap\" data-name=\"company\"><input size=\"40\" maxlength=\"400\" class=\"wpcf7-form-control wpcf7-text wpcf7-validates-as-required\" aria-required=\"true\" aria-invalid=\"false\" value=\"\" type=\"text\" name=\"company\" \/><\/span> <\/label>\n\t\t<\/p>\n\t<\/div>\n\t<p><span id=\"wpcf7-69f28338cb12a-wrapper\" class=\"wpcf7-form-control-wrap country-field-wrap\" style=\"display:none !important; visibility:hidden !important;\"><label for=\"wpcf7-69f28338cb12a-field\" class=\"hp-message\">Please leave this field empty.<\/label><input id=\"wpcf7-69f28338cb12a-field\"  class=\"wpcf7-form-control wpcf7-text\" type=\"text\" name=\"country-field\" value=\"\" size=\"40\" tabindex=\"-1\" autocomplete=\"new-password\" \/><\/span>\n\t<\/p>\n\t<div class=\"grid-100 full-column\">\n\t\t<p><label class=\"select-label\"> Land * <span class=\"wpcf7-form-control-wrap\" data-name=\"country\"><select class=\"wpcf7-form-control wpcf7-select wpcf7-validates-as-required\" aria-required=\"true\" aria-invalid=\"false\" name=\"country\"><option value=\"W\u00e4hle deine Option\">W\u00e4hle deine Option<\/option><option value=\"\u00d6sterreich\">\u00d6sterreich<\/option><option value=\"Belgien\">Belgien<\/option><option value=\"Frankreich\">Frankreich<\/option><option value=\"Deutschland\">Deutschland<\/option><option value=\"Italien\">Italien<\/option><option value=\"Niederlande\">Niederlande<\/option><option value=\"Polen\">Polen<\/option><option value=\"Spanien\">Spanien<\/option><option value=\"Schweiz\">Schweiz<\/option><\/select><\/span> <\/label>\n\t\t<\/p>\n\t<\/div>\n\t<div class=\"grid-100 full-column\">\n\t\t<p><input class=\"wpcf7-form-control wpcf7-submit has-spinner download-one-pager-submit-button\" type=\"submit\" value=\"Download\" \/>\n\t\t<\/p>\n\t<\/div>\n<\/div><div class=\"wpcf7-response-output\" aria-hidden=\"true\"><\/div>\n<input type=\"hidden\" name=\"trp-form-language\" value=\"de\"\/><\/form>\n<\/div>\n\n\n<\/div>\n\n<div class=\"gb-container gb-container-565b42d6 download-form download--form-en\">\n\n<div class=\"wpcf7 no-js\" id=\"wpcf7-f4696-o2\" lang=\"en-US\" dir=\"ltr\" data-wpcf7-id=\"4696\">\n<div class=\"screen-reader-response\"><p role=\"status\" aria-live=\"polite\" aria-atomic=\"true\"><\/p> <ul><\/ul><\/div>\n<form action=\"\/wp-json\/wp\/v2\/pages\/5008\" method=\"post\" class=\"wpcf7-form init\" aria-label=\"Contact form\" novalidate=\"novalidate\" data-status=\"init\" data-trp-original-action=\"\/de\/wp-json\/wp\/v2\/pages\/5008#wpcf7-f4696-o2\">\n<div style=\"display: none;\">\n<input type=\"hidden\" name=\"_wpcf7\" value=\"4696\" \/>\n<input type=\"hidden\" name=\"_wpcf7_version\" value=\"6.0.1\" \/>\n<input type=\"hidden\" name=\"_wpcf7_locale\" value=\"en_US\" \/>\n<input type=\"hidden\" name=\"_wpcf7_unit_tag\" value=\"wpcf7-f4696-o2\" \/>\n<input type=\"hidden\" name=\"_wpcf7_container_post\" value=\"0\" \/>\n<input type=\"hidden\" name=\"_wpcf7_posted_data_hash\" value=\"\" \/>\n<input type=\"hidden\" name=\"_wpcf7cf_hidden_group_fields\" value=\"[]\" \/>\n<input type=\"hidden\" name=\"_wpcf7cf_hidden_groups\" value=\"[]\" \/>\n<input type=\"hidden\" name=\"_wpcf7cf_visible_groups\" value=\"[]\" \/>\n<input type=\"hidden\" name=\"_wpcf7cf_repeaters\" value=\"[]\" \/>\n<input type=\"hidden\" name=\"_wpcf7cf_steps\" value=\"{}\" \/>\n<input type=\"hidden\" name=\"_wpcf7cf_options\" value=\"{&quot;form_id&quot;:4696,&quot;conditions&quot;:[],&quot;settings&quot;:{&quot;animation&quot;:&quot;yes&quot;,&quot;animation_intime&quot;:200,&quot;animation_outtime&quot;:200,&quot;conditions_ui&quot;:&quot;normal&quot;,&quot;notice_dismissed&quot;:false,&quot;notice_dismissed_rollback-cf7-5.4.1&quot;:true,&quot;notice_dismissed_rollback-cf7-5.7.7&quot;:true,&quot;notice_dismissed_rollback-cf7-6.0&quot;:true}}\" \/>\n<\/div>\n<div class=\"form-container\">\n\t<div class=\"grid-50 tablet-grid-50 mobile-grid-100 left-column\">\n\t\t<p><label> First name * <span class=\"wpcf7-form-control-wrap\" data-name=\"first-name\"><input size=\"40\" maxlength=\"400\" class=\"wpcf7-form-control wpcf7-text wpcf7-validates-as-required\" aria-required=\"true\" aria-invalid=\"false\" value=\"\" type=\"text\" name=\"first-name\" \/><\/span> <\/label>\n\t\t<\/p>\n\t<\/div>\n\t<div class=\"grid-50 tablet-grid-50 mobile-grid-100 right-column\">\n\t\t<p><label> Last name * <span class=\"wpcf7-form-control-wrap\" data-name=\"last-name\"><input size=\"40\" maxlength=\"400\" class=\"wpcf7-form-control wpcf7-text wpcf7-validates-as-required\" aria-required=\"true\" aria-invalid=\"false\" value=\"\" type=\"text\" name=\"last-name\" \/><\/span> <\/label>\n\t\t<\/p>\n\t<\/div>\n\t<div class=\"grid-50 tablet-grid-50 mobile-grid-100 left-column\">\n\t\t<p><label> Business Email * <span class=\"wpcf7-form-control-wrap\" data-name=\"email-70\"><input size=\"40\" maxlength=\"400\" class=\"wpcf7-form-control wpcf7-email wpcf7-validates-as-required wpcf7-text wpcf7-validates-as-email\" aria-required=\"true\" aria-invalid=\"false\" value=\"\" type=\"email\" name=\"email-70\" \/><\/span> <\/label>\n\t\t<\/p>\n\t<\/div>\n\t<div class=\"grid-50 tablet-grid-50 mobile-grid-100 right-column\">\n\t\t<p><label> Phone (optional) <span class=\"wpcf7-form-control-wrap\" data-name=\"tel-754\"><input size=\"40\" maxlength=\"400\" class=\"wpcf7-form-control wpcf7-tel wpcf7-text wpcf7-validates-as-tel\" aria-invalid=\"false\" value=\"\" type=\"tel\" name=\"tel-754\" \/><\/span> <\/label>\n\t\t<\/p>\n\t<\/div>\n\t<div class=\"grid-100 full-column\">\n\t\t<p><label> Company * <span class=\"wpcf7-form-control-wrap\" data-name=\"company\"><input size=\"40\" maxlength=\"400\" class=\"wpcf7-form-control wpcf7-text wpcf7-validates-as-required\" aria-required=\"true\" aria-invalid=\"false\" value=\"\" type=\"text\" name=\"company\" \/><\/span> <\/label>\n\t\t<\/p>\n\t<\/div>\n\t<p><span id=\"wpcf7-69f28338e2ea7-wrapper\" class=\"wpcf7-form-control-wrap country-field-wrap\" style=\"display:none !important; visibility:hidden !important;\"><label for=\"wpcf7-69f28338e2ea7-field\" class=\"hp-message\">Please leave this field empty.<\/label><input id=\"wpcf7-69f28338e2ea7-field\"  class=\"wpcf7-form-control wpcf7-text\" type=\"text\" name=\"country-field\" value=\"\" size=\"40\" tabindex=\"-1\" autocomplete=\"new-password\" \/><\/span>\n\t<\/p>\n\t<div class=\"grid-100 full-column\">\n\t\t<p><label class=\"select-label\"> Country * <span class=\"wpcf7-form-control-wrap\" data-name=\"country\"><select class=\"wpcf7-form-control wpcf7-select wpcf7-validates-as-required\" aria-required=\"true\" aria-invalid=\"false\" name=\"country\"><option value=\"Select your option\">Select your option<\/option><option value=\"Austria\">Austria<\/option><option value=\"Belgium\">Belgium<\/option><option value=\"France\">France<\/option><option value=\"Germany\">Germany<\/option><option value=\"Italy\">Italy<\/option><option value=\"Netherlands\">Netherlands<\/option><option value=\"Poland\">Poland<\/option><option value=\"Spain\">Spain<\/option><option value=\"Switzerland\">Switzerland<\/option><\/select><\/span> <\/label>\n\t\t<\/p>\n\t<\/div>\n\t<div class=\"grid-100 full-column\">\n\t\t<p><input class=\"wpcf7-form-control wpcf7-submit has-spinner download-one-pager-submit-button\" type=\"submit\" value=\"Download\" \/>\n\t\t<\/p>\n\t<\/div>\n<\/div><div class=\"wpcf7-response-output\" aria-hidden=\"true\"><\/div>\n<input type=\"hidden\" name=\"trp-form-language\" value=\"de\"\/><\/form>\n<\/div>\n\n\n<\/div>\n<\/div><\/div>\n\n<div class=\"gb-container gb-container-83e2b92d intro-text\"><div class=\"gb-inside-container\">\n\n<p class=\"gb-headline gb-headline-22b0daed gb-headline-text\">Als europ\u00e4ischer N\u00b01 Beauty Retailer bietet DOUGLAS eurer Marke eine einzigartige B\u00fchne, um sich zielgerichtet dem beauty- und lifestyle affinen Publikum zu pr\u00e4sentieren.<\/p>\n\n\n\n<div style=\"height:1px\" aria-hidden=\"true\" class=\"wp-block-spacer\"><\/div>\n\n\n\n<p class=\"gb-headline gb-headline-e729c371 gb-headline-text\">Erlebe wie aus dem Schatz von Daten aus erster Hand handfeste Kampagnenergebnisse werden!<\/p>\n\n\n\n<div style=\"height:72px\" aria-hidden=\"true\" class=\"wp-block-spacer\"><\/div>\n\n\n\n<h2 class=\"wp-block-heading has-text-align-center\">Download Retail Media Onepager<\/h2>\n\n\n\n<div style=\"height:24px\" aria-hidden=\"true\" class=\"wp-block-spacer\"><\/div>\n\n\n\n<p class=\"gb-headline gb-headline-c21d3e9c gb-headline-text\">Ihr wollt einen schnellen \u00dcberblick verschaffen? Erhaltet alle wichtigen Informationen \u00fcber unsere Retail Media L\u00f6sungen auf einen Blick! Ladet jetzt unseren One Pager herunter und entdeckt, wie Ihr Eure Markenbekanntheit effektiv steigern k\u00f6nnt.<\/p>\n\n\n\n<div style=\"height:24px\" aria-hidden=\"true\" class=\"wp-block-spacer\"><\/div>\n\n\n<div class=\"gb-button-wrapper gb-button-wrapper-ec1d555c\">\n\n<button class=\"gb-button gb-button-dde0bcbd gb-button-text button-modal\" id=\"open-form-modal\">Jetzt runterladen<\/button>\n\n<\/div>\n<\/div><\/div>","protected":false},"excerpt":{"rendered":"<p>As the leading omnichannel premium beauty destination in Europe, DOUGLAS offers your brand a unique stage to target a beauty- and lifestyle-savvy audience. Experience how to turn a treasure trove of first-hand data into tangible campaign results! Download Retail Media Onepager Looking for a quick overview? Get all the key information about our Retail Media &#8230; <a title=\"Test-form-page\" class=\"read-more\" href=\"https:\/\/www.douglas-marketing-solutions.com\/de\/test-form-page\/\" aria-label=\"Mehr Informationen \u00fcber Test-form-page\">Weiterlesen<\/a><\/p>","protected":false},"author":2,"featured_media":0,"parent":0,"menu_order":0,"comment_status":"closed","ping_status":"closed","template":"","meta":{"_acf_changed":false,"footnotes":""},"class_list":["post-5008","page","type-page","status-publish"],"acf":[],"yoast_head":"<!-- This site is optimized with the Yoast SEO plugin v23.9 - https:\/\/yoast.com\/wordpress\/plugins\/seo\/ -->\n<title>Test-form-page | Douglas Marketing Solutions<\/title>\n<meta name=\"robots\" content=\"index, follow, max-snippet:-1, max-image-preview:large, max-video-preview:-1\" \/>\n<link rel=\"canonical\" href=\"https:\/\/www.douglas-marketing-solutions.com\/de\/test-form-page\/\" \/>\n<meta property=\"og:locale\" content=\"de_DE\" \/>\n<meta property=\"og:type\" content=\"article\" \/>\n<meta property=\"og:title\" content=\"Test-form-page | Douglas Marketing Solutions\" \/>\n<meta property=\"og:description\" content=\"As the leading omnichannel premium beauty destination in Europe, DOUGLAS offers your brand a unique stage to target a beauty- and lifestyle-savvy audience. Experience how to turn a treasure trove of first-hand data into tangible campaign results! Download Retail Media Onepager Looking for a quick overview? Get all the key information about our Retail Media ... Weiterlesen\" \/>\n<meta property=\"og:url\" content=\"https:\/\/www.douglas-marketing-solutions.com\/de\/test-form-page\/\" \/>\n<meta property=\"og:site_name\" content=\"Douglas Marketing Solutions\" \/>\n<meta property=\"article:modified_time\" content=\"2025-09-18T07:14:14+00:00\" \/>\n<meta name=\"twitter:card\" content=\"summary_large_image\" \/>\n<meta name=\"twitter:label1\" content=\"Gesch\u00e4tzte Lesezeit\" \/>\n\t<meta name=\"twitter:data1\" content=\"1\u00a0Minute\" \/>\n<script type=\"application\/ld+json\" class=\"yoast-schema-graph\">{\"@context\":\"https:\/\/schema.org\",\"@graph\":[{\"@type\":\"WebPage\",\"@id\":\"https:\/\/www.douglas-marketing-solutions.com\/test-form-page\/\",\"url\":\"https:\/\/www.douglas-marketing-solutions.com\/test-form-page\/\",\"name\":\"Test-form-page | Douglas Marketing Solutions\",\"isPartOf\":{\"@id\":\"https:\/\/www.douglas-marketing-solutions.com\/#website\"},\"datePublished\":\"2025-09-18T03:30:07+00:00\",\"dateModified\":\"2025-09-18T07:14:14+00:00\",\"breadcrumb\":{\"@id\":\"https:\/\/www.douglas-marketing-solutions.com\/test-form-page\/#breadcrumb\"},\"inLanguage\":\"de\",\"potentialAction\":[{\"@type\":\"ReadAction\",\"target\":[\"https:\/\/www.douglas-marketing-solutions.com\/test-form-page\/\"]}]},{\"@type\":\"BreadcrumbList\",\"@id\":\"https:\/\/www.douglas-marketing-solutions.com\/test-form-page\/#breadcrumb\",\"itemListElement\":[{\"@type\":\"ListItem\",\"position\":1,\"name\":\"Home\",\"item\":\"https:\/\/www.douglas-marketing-solutions.com\/\"},{\"@type\":\"ListItem\",\"position\":2,\"name\":\"Test-form-page\"}]},{\"@type\":\"WebSite\",\"@id\":\"https:\/\/www.douglas-marketing-solutions.com\/#website\",\"url\":\"https:\/\/www.douglas-marketing-solutions.com\/\",\"name\":\"Douglas Marketing Solutions\",\"description\":\"\",\"publisher\":{\"@id\":\"https:\/\/www.douglas-marketing-solutions.com\/#organization\"},\"potentialAction\":[{\"@type\":\"SearchAction\",\"target\":{\"@type\":\"EntryPoint\",\"urlTemplate\":\"https:\/\/www.douglas-marketing-solutions.com\/?s={search_term_string}\"},\"query-input\":{\"@type\":\"PropertyValueSpecification\",\"valueRequired\":true,\"valueName\":\"search_term_string\"}}],\"inLanguage\":\"de\"},{\"@type\":\"Organization\",\"@id\":\"https:\/\/www.douglas-marketing-solutions.com\/#organization\",\"name\":\"Beauty Media Solutions GmbH\",\"url\":\"https:\/\/www.douglas-marketing-solutions.com\/\",\"logo\":{\"@type\":\"ImageObject\",\"inLanguage\":\"de\",\"@id\":\"https:\/\/www.douglas-marketing-solutions.com\/#\/schema\/logo\/image\/\",\"url\":\"https:\/\/www.douglas-marketing-solutions.com\/wp-content\/uploads\/Logo_DouglasMarketingSolutions.png\",\"contentUrl\":\"https:\/\/www.douglas-marketing-solutions.com\/wp-content\/uploads\/Logo_DouglasMarketingSolutions.png\",\"width\":2080,\"height\":657,\"caption\":\"Beauty Media Solutions GmbH\"},\"image\":{\"@id\":\"https:\/\/www.douglas-marketing-solutions.com\/#\/schema\/logo\/image\/\"}}]}<\/script>\n<!-- \/ Yoast SEO plugin. -->","yoast_head_json":{"title":"Test-form-page | Douglas Marketing Solutions","robots":{"index":"index","follow":"follow","max-snippet":"max-snippet:-1","max-image-preview":"max-image-preview:large","max-video-preview":"max-video-preview:-1"},"canonical":"https:\/\/www.douglas-marketing-solutions.com\/de\/test-form-page\/","og_locale":"de_DE","og_type":"article","og_title":"Test-form-page | Douglas Marketing Solutions","og_description":"As the leading omnichannel premium beauty destination in Europe, DOUGLAS offers your brand a unique stage to target a beauty- and lifestyle-savvy audience. Experience how to turn a treasure trove of first-hand data into tangible campaign results! Download Retail Media Onepager Looking for a quick overview? Get all the key information about our Retail Media ... Weiterlesen","og_url":"https:\/\/www.douglas-marketing-solutions.com\/de\/test-form-page\/","og_site_name":"Douglas Marketing Solutions","article_modified_time":"2025-09-18T07:14:14+00:00","twitter_card":"summary_large_image","twitter_misc":{"Gesch\u00e4tzte Lesezeit":"1\u00a0Minute"},"schema":{"@context":"https:\/\/schema.org","@graph":[{"@type":"WebPage","@id":"https:\/\/www.douglas-marketing-solutions.com\/test-form-page\/","url":"https:\/\/www.douglas-marketing-solutions.com\/test-form-page\/","name":"Test-form-page | Douglas Marketing Solutions","isPartOf":{"@id":"https:\/\/www.douglas-marketing-solutions.com\/#website"},"datePublished":"2025-09-18T03:30:07+00:00","dateModified":"2025-09-18T07:14:14+00:00","breadcrumb":{"@id":"https:\/\/www.douglas-marketing-solutions.com\/test-form-page\/#breadcrumb"},"inLanguage":"de","potentialAction":[{"@type":"ReadAction","target":["https:\/\/www.douglas-marketing-solutions.com\/test-form-page\/"]}]},{"@type":"BreadcrumbList","@id":"https:\/\/www.douglas-marketing-solutions.com\/test-form-page\/#breadcrumb","itemListElement":[{"@type":"ListItem","position":1,"name":"Home","item":"https:\/\/www.douglas-marketing-solutions.com\/"},{"@type":"ListItem","position":2,"name":"Test-form-page"}]},{"@type":"WebSite","@id":"https:\/\/www.douglas-marketing-solutions.com\/#website","url":"https:\/\/www.douglas-marketing-solutions.com\/","name":"Douglas Marketing Solutions","description":"","publisher":{"@id":"https:\/\/www.douglas-marketing-solutions.com\/#organization"},"potentialAction":[{"@type":"SearchAction","target":{"@type":"EntryPoint","urlTemplate":"https:\/\/www.douglas-marketing-solutions.com\/?s={search_term_string}"},"query-input":{"@type":"PropertyValueSpecification","valueRequired":true,"valueName":"search_term_string"}}],"inLanguage":"de"},{"@type":"Organization","@id":"https:\/\/www.douglas-marketing-solutions.com\/#organization","name":"Beauty Media Solutions GmbH","url":"https:\/\/www.douglas-marketing-solutions.com\/","logo":{"@type":"ImageObject","inLanguage":"de","@id":"https:\/\/www.douglas-marketing-solutions.com\/#\/schema\/logo\/image\/","url":"https:\/\/www.douglas-marketing-solutions.com\/wp-content\/uploads\/Logo_DouglasMarketingSolutions.png","contentUrl":"https:\/\/www.douglas-marketing-solutions.com\/wp-content\/uploads\/Logo_DouglasMarketingSolutions.png","width":2080,"height":657,"caption":"Beauty Media Solutions GmbH"},"image":{"@id":"https:\/\/www.douglas-marketing-solutions.com\/#\/schema\/logo\/image\/"}}]}},"_links":{"self":[{"href":"https:\/\/www.douglas-marketing-solutions.com\/de\/wp-json\/wp\/v2\/pages\/5008","targetHints":{"allow":["GET"]}}],"collection":[{"href":"https:\/\/www.douglas-marketing-solutions.com\/de\/wp-json\/wp\/v2\/pages"}],"about":[{"href":"https:\/\/www.douglas-marketing-solutions.com\/de\/wp-json\/wp\/v2\/types\/page"}],"author":[{"embeddable":true,"href":"https:\/\/www.douglas-marketing-solutions.com\/de\/wp-json\/wp\/v2\/users\/2"}],"replies":[{"embeddable":true,"href":"https:\/\/www.douglas-marketing-solutions.com\/de\/wp-json\/wp\/v2\/comments?post=5008"}],"version-history":[{"count":7,"href":"https:\/\/www.douglas-marketing-solutions.com\/de\/wp-json\/wp\/v2\/pages\/5008\/revisions"}],"predecessor-version":[{"id":5018,"href":"https:\/\/www.douglas-marketing-solutions.com\/de\/wp-json\/wp\/v2\/pages\/5008\/revisions\/5018"}],"wp:attachment":[{"href":"https:\/\/www.douglas-marketing-solutions.com\/de\/wp-json\/wp\/v2\/media?parent=5008"}],"curies":[{"name":"wp","href":"https:\/\/api.w.org\/{rel}","templated":true}]}}