{"id":939,"date":"2020-11-20T15:03:57","date_gmt":"2020-11-20T15:03:57","guid":{"rendered":"https:\/\/prd-beauty-media-solutions.pub.az-we.dglecom.net\/?page_id=939"},"modified":"2026-03-19T09:49:17","modified_gmt":"2026-03-19T09:49:17","slug":"legal-notice","status":"publish","type":"page","link":"https:\/\/www.douglas-marketing-solutions.com\/de\/impressum\/","title":{"rendered":"Impressum"},"content":{"rendered":"<div class=\"gb-container gb-container-813179e1\"><div class=\"gb-inside-container\">\n\n<h1 class=\"gb-headline gb-headline-4a090431 gb-headline-text\">Impressum<\/h1>\n\n\n\n<p class=\"gb-headline gb-headline-97b55967 gb-headline-text\"><strong>DOUGLAS Marketing Solutions GmbH<br>Luise-Rainer-Stra\u00dfe 7-11<br>40235 D\u00fcsseldorf<\/strong><\/p>\n\n\n\n<p class=\"has-text-align-center\">Managing Directors: Charina Lumley<\/p>\n\n\n\n<p class=\"has-text-align-center\">Amtsgericht D\u00fcsseldorf: HRB 87780 <br>Umsatzsteuer-Identifikationsnummer: DE326450505<\/p>\n\n\n\n<p class=\"has-text-align-center\">Telefonisch erreichen Sie uns aus dem deutschen Festnetz unter der Telefonnummer: +49\u00a0174\u00a0780\u00a03806<\/p>\n\n\n\n<p class=\"has-text-align-center\">By email, you can contact us via marketingsolutions@douglas.de<\/p>\n\n\n\n<p><\/p>\n\n<\/div><\/div>","protected":false},"excerpt":{"rendered":"<p>Legal Notice DOUGLAS Marketing Solutions GmbHLuise-Rainer-Stra\u00dfe 7-1140235 D\u00fcsseldorf Managing Directors: Charina Lumley District Court D\u00fcsseldorf: HRB 87780 Sales tax identification number: DE326450505 By phone you can reach us at the telephone number: +49&nbsp;174&nbsp;780&nbsp;3806 By email, you can contact us via marketingsolutions@douglas.de<\/p>","protected":false},"author":2,"featured_media":0,"parent":0,"menu_order":0,"comment_status":"closed","ping_status":"closed","template":"No-tracking.php","meta":{"_acf_changed":false,"footnotes":""},"class_list":["post-939","page","type-page","status-publish"],"acf":[],"yoast_head":"<!-- This site is optimized with the Yoast SEO plugin v23.9 - https:\/\/yoast.com\/wordpress\/plugins\/seo\/ -->\n<title>Legal Notice | Douglas Marketing Solutions<\/title>\n<meta name=\"description\" content=\"Legal Notice Beauty Media Solutions GmbH | Managing Directors: Isabell Hendrichs, Vanessa St\u00fctzle | Phone +49 211 16847 3321 | Feel free to contact us!\" \/>\n<meta name=\"robots\" content=\"index, follow, max-snippet:-1, max-image-preview:large, max-video-preview:-1\" \/>\n<link rel=\"canonical\" href=\"https:\/\/www.douglas-marketing-solutions.com\/de\/legal-notice\/\" \/>\n<meta property=\"og:locale\" content=\"de_DE\" \/>\n<meta property=\"og:type\" content=\"article\" \/>\n<meta property=\"og:title\" content=\"Legal Notice | Douglas Marketing Solutions\" \/>\n<meta property=\"og:description\" content=\"Legal Notice Beauty Media Solutions GmbH | Managing Directors: Isabell Hendrichs, Vanessa St\u00fctzle | Phone +49 211 16847 3321 | Feel free to contact us!\" \/>\n<meta property=\"og:url\" content=\"https:\/\/www.douglas-marketing-solutions.com\/de\/legal-notice\/\" \/>\n<meta property=\"og:site_name\" content=\"Douglas Marketing Solutions\" \/>\n<meta property=\"article:modified_time\" content=\"2026-03-19T09:49:17+00:00\" \/>\n<meta name=\"twitter:card\" content=\"summary_large_image\" \/>\n<meta name=\"twitter:label1\" content=\"Gesch\u00e4tzte Lesezeit\" \/>\n\t<meta name=\"twitter:data1\" content=\"1\u00a0Minute\" \/>\n<script type=\"application\/ld+json\" class=\"yoast-schema-graph\">{\"@context\":\"https:\/\/schema.org\",\"@graph\":[{\"@type\":\"WebPage\",\"@id\":\"https:\/\/www.douglas-marketing-solutions.com\/legal-notice\/\",\"url\":\"https:\/\/www.douglas-marketing-solutions.com\/legal-notice\/\",\"name\":\"Legal Notice | Douglas Marketing Solutions\",\"isPartOf\":{\"@id\":\"https:\/\/www.douglas-marketing-solutions.com\/#website\"},\"datePublished\":\"2020-11-20T15:03:57+00:00\",\"dateModified\":\"2026-03-19T09:49:17+00:00\",\"description\":\"Legal Notice Beauty Media Solutions GmbH | Managing Directors: Isabell Hendrichs, Vanessa St\u00fctzle | Phone +49 211 16847 3321 | Feel free to contact us!\",\"breadcrumb\":{\"@id\":\"https:\/\/www.douglas-marketing-solutions.com\/legal-notice\/#breadcrumb\"},\"inLanguage\":\"de\",\"potentialAction\":[{\"@type\":\"ReadAction\",\"target\":[\"https:\/\/www.douglas-marketing-solutions.com\/legal-notice\/\"]}]},{\"@type\":\"BreadcrumbList\",\"@id\":\"https:\/\/www.douglas-marketing-solutions.com\/legal-notice\/#breadcrumb\",\"itemListElement\":[{\"@type\":\"ListItem\",\"position\":1,\"name\":\"Home\",\"item\":\"https:\/\/www.douglas-marketing-solutions.com\/\"},{\"@type\":\"ListItem\",\"position\":2,\"name\":\"Legal Notice\"}]},{\"@type\":\"WebSite\",\"@id\":\"https:\/\/www.douglas-marketing-solutions.com\/#website\",\"url\":\"https:\/\/www.douglas-marketing-solutions.com\/\",\"name\":\"Douglas Marketing Solutions\",\"description\":\"\",\"publisher\":{\"@id\":\"https:\/\/www.douglas-marketing-solutions.com\/#organization\"},\"potentialAction\":[{\"@type\":\"SearchAction\",\"target\":{\"@type\":\"EntryPoint\",\"urlTemplate\":\"https:\/\/www.douglas-marketing-solutions.com\/?s={search_term_string}\"},\"query-input\":{\"@type\":\"PropertyValueSpecification\",\"valueRequired\":true,\"valueName\":\"search_term_string\"}}],\"inLanguage\":\"de\"},{\"@type\":\"Organization\",\"@id\":\"https:\/\/www.douglas-marketing-solutions.com\/#organization\",\"name\":\"Beauty Media Solutions GmbH\",\"url\":\"https:\/\/www.douglas-marketing-solutions.com\/\",\"logo\":{\"@type\":\"ImageObject\",\"inLanguage\":\"de\",\"@id\":\"https:\/\/www.douglas-marketing-solutions.com\/#\/schema\/logo\/image\/\",\"url\":\"https:\/\/www.douglas-marketing-solutions.com\/wp-content\/uploads\/Logo_DouglasMarketingSolutions.png\",\"contentUrl\":\"https:\/\/www.douglas-marketing-solutions.com\/wp-content\/uploads\/Logo_DouglasMarketingSolutions.png\",\"width\":2080,\"height\":657,\"caption\":\"Beauty Media Solutions GmbH\"},\"image\":{\"@id\":\"https:\/\/www.douglas-marketing-solutions.com\/#\/schema\/logo\/image\/\"}}]}<\/script>\n<!-- \/ Yoast SEO plugin. -->","yoast_head_json":{"title":"Legal Notice | Douglas Marketing Solutions","description":"Legal Notice Beauty Media Solutions GmbH | Managing Directors: Isabell Hendrichs, Vanessa St\u00fctzle | Phone +49 211 16847 3321 | Feel free to contact us!","robots":{"index":"index","follow":"follow","max-snippet":"max-snippet:-1","max-image-preview":"max-image-preview:large","max-video-preview":"max-video-preview:-1"},"canonical":"https:\/\/www.douglas-marketing-solutions.com\/de\/legal-notice\/","og_locale":"de_DE","og_type":"article","og_title":"Legal Notice | Douglas Marketing Solutions","og_description":"Legal Notice Beauty Media Solutions GmbH | Managing Directors: Isabell Hendrichs, Vanessa St\u00fctzle | Phone +49 211 16847 3321 | Feel free to contact us!","og_url":"https:\/\/www.douglas-marketing-solutions.com\/de\/legal-notice\/","og_site_name":"Douglas Marketing Solutions","article_modified_time":"2026-03-19T09:49:17+00:00","twitter_card":"summary_large_image","twitter_misc":{"Gesch\u00e4tzte Lesezeit":"1\u00a0Minute"},"schema":{"@context":"https:\/\/schema.org","@graph":[{"@type":"WebPage","@id":"https:\/\/www.douglas-marketing-solutions.com\/legal-notice\/","url":"https:\/\/www.douglas-marketing-solutions.com\/legal-notice\/","name":"Legal Notice | Douglas Marketing Solutions","isPartOf":{"@id":"https:\/\/www.douglas-marketing-solutions.com\/#website"},"datePublished":"2020-11-20T15:03:57+00:00","dateModified":"2026-03-19T09:49:17+00:00","description":"Legal Notice Beauty Media Solutions GmbH | Managing Directors: Isabell Hendrichs, Vanessa St\u00fctzle | Phone +49 211 16847 3321 | Feel free to contact us!","breadcrumb":{"@id":"https:\/\/www.douglas-marketing-solutions.com\/legal-notice\/#breadcrumb"},"inLanguage":"de","potentialAction":[{"@type":"ReadAction","target":["https:\/\/www.douglas-marketing-solutions.com\/legal-notice\/"]}]},{"@type":"BreadcrumbList","@id":"https:\/\/www.douglas-marketing-solutions.com\/legal-notice\/#breadcrumb","itemListElement":[{"@type":"ListItem","position":1,"name":"Home","item":"https:\/\/www.douglas-marketing-solutions.com\/"},{"@type":"ListItem","position":2,"name":"Legal Notice"}]},{"@type":"WebSite","@id":"https:\/\/www.douglas-marketing-solutions.com\/#website","url":"https:\/\/www.douglas-marketing-solutions.com\/","name":"Douglas Marketing Solutions","description":"","publisher":{"@id":"https:\/\/www.douglas-marketing-solutions.com\/#organization"},"potentialAction":[{"@type":"SearchAction","target":{"@type":"EntryPoint","urlTemplate":"https:\/\/www.douglas-marketing-solutions.com\/?s={search_term_string}"},"query-input":{"@type":"PropertyValueSpecification","valueRequired":true,"valueName":"search_term_string"}}],"inLanguage":"de"},{"@type":"Organization","@id":"https:\/\/www.douglas-marketing-solutions.com\/#organization","name":"Beauty Media Solutions GmbH","url":"https:\/\/www.douglas-marketing-solutions.com\/","logo":{"@type":"ImageObject","inLanguage":"de","@id":"https:\/\/www.douglas-marketing-solutions.com\/#\/schema\/logo\/image\/","url":"https:\/\/www.douglas-marketing-solutions.com\/wp-content\/uploads\/Logo_DouglasMarketingSolutions.png","contentUrl":"https:\/\/www.douglas-marketing-solutions.com\/wp-content\/uploads\/Logo_DouglasMarketingSolutions.png","width":2080,"height":657,"caption":"Beauty Media Solutions GmbH"},"image":{"@id":"https:\/\/www.douglas-marketing-solutions.com\/#\/schema\/logo\/image\/"}}]}},"_links":{"self":[{"href":"https:\/\/www.douglas-marketing-solutions.com\/de\/wp-json\/wp\/v2\/pages\/939","targetHints":{"allow":["GET"]}}],"collection":[{"href":"https:\/\/www.douglas-marketing-solutions.com\/de\/wp-json\/wp\/v2\/pages"}],"about":[{"href":"https:\/\/www.douglas-marketing-solutions.com\/de\/wp-json\/wp\/v2\/types\/page"}],"author":[{"embeddable":true,"href":"https:\/\/www.douglas-marketing-solutions.com\/de\/wp-json\/wp\/v2\/users\/2"}],"replies":[{"embeddable":true,"href":"https:\/\/www.douglas-marketing-solutions.com\/de\/wp-json\/wp\/v2\/comments?post=939"}],"version-history":[{"count":56,"href":"https:\/\/www.douglas-marketing-solutions.com\/de\/wp-json\/wp\/v2\/pages\/939\/revisions"}],"predecessor-version":[{"id":5115,"href":"https:\/\/www.douglas-marketing-solutions.com\/de\/wp-json\/wp\/v2\/pages\/939\/revisions\/5115"}],"wp:attachment":[{"href":"https:\/\/www.douglas-marketing-solutions.com\/de\/wp-json\/wp\/v2\/media?parent=939"}],"curies":[{"name":"wp","href":"https:\/\/api.w.org\/{rel}","templated":true}]}}